{"id":63,"date":"2019-01-03T08:25:45","date_gmt":"2019-01-03T08:25:45","guid":{"rendered":"https:\/\/haus-waechter.com\/?page_id=63"},"modified":"2022-07-07T07:38:35","modified_gmt":"2022-07-07T07:38:35","slug":"service-plus","status":"publish","type":"page","link":"https:\/\/haus-waechter.com\/?page_id=63","title":{"rendered":"Service Plus"},"content":{"rendered":"\t\t<div data-elementor-type=\"wp-post\" data-elementor-id=\"63\" class=\"elementor elementor-63\">\n\t\t\t\t\t\t<section class=\"elementor-section elementor-top-section elementor-element elementor-element-65a6337 elementor-section-boxed elementor-section-height-default elementor-section-height-default\" data-id=\"65a6337\" data-element_type=\"section\" data-e-type=\"section\">\n\t\t\t\t\t\t<div class=\"elementor-container elementor-column-gap-extended\">\n\t\t\t\t\t<div class=\"elementor-column elementor-col-100 elementor-top-column elementor-element elementor-element-aba19b4 sc_inner_width_none sc_layouts_column_icons_position_left\" data-id=\"aba19b4\" data-element_type=\"column\" data-e-type=\"column\">\n\t\t\t<div class=\"elementor-widget-wrap elementor-element-populated\">\n\t\t\t\t\t\t<div class=\"elementor-element elementor-element-8764ba9 sc_fly_static elementor-widget elementor-widget-spacer\" data-id=\"8764ba9\" data-element_type=\"widget\" data-e-type=\"widget\" data-widget_type=\"spacer.default\">\n\t\t\t\t<div class=\"elementor-widget-container\">\n\t\t\t\t\t\t\t<div class=\"elementor-spacer\">\n\t\t\t<div class=\"elementor-spacer-inner\"><\/div>\n\t\t<\/div>\n\t\t\t\t\t\t<\/div>\n\t\t\t\t<\/div>\n\t\t\t\t\t<\/div>\n\t\t<\/div>\n\t\t\t\t\t<\/div>\n\t\t<\/section>\n\t\t\t\t<section class=\"elementor-section elementor-top-section elementor-element elementor-element-73c9e676 elementor-section-boxed elementor-section-height-default elementor-section-height-default\" data-id=\"73c9e676\" data-element_type=\"section\" data-e-type=\"section\">\n\t\t\t\t\t\t<div class=\"elementor-container elementor-column-gap-extended\">\n\t\t\t\t\t<div class=\"elementor-column elementor-col-100 elementor-top-column elementor-element elementor-element-47860968 sc_inner_width_none sc_layouts_column_icons_position_left\" data-id=\"47860968\" data-element_type=\"column\" data-e-type=\"column\">\n\t\t\t<div class=\"elementor-widget-wrap elementor-element-populated\">\n\t\t\t\t\t\t<div class=\"elementor-element elementor-element-2eab73e4 sc_fly_static elementor-widget elementor-widget-text-editor\" data-id=\"2eab73e4\" data-element_type=\"widget\" data-e-type=\"widget\" data-widget_type=\"text-editor.default\">\n\t\t\t\t<div class=\"elementor-widget-container\">\n\t\t\t\t\t\t\t\t\t<h2>Dear Customers,<\/h2>\nOur primary goal is developing a secure and customizable theme framework that meets the needs of the end user. Therefore, our customers are able to create websites using our templates as easy as 1-2-3! This process requires minimum knowledge of WordPress and coding, and extended documentation and our Support Team is always at your service. However, we ask you to keep in mind that sometimes issues occur not because of templates malfunction. There might be situations when it doesn&#8217;t depend on us and the framework. For example, server settings, some extra functional that requires deep file customization, or additional plugins usage. And of course, an attempt to build a website in a very short time.\n\nWe know our theme framework perfectly and have a highly-professional team of developers. They will help you develop the website you need. If you need website customization, contact our support system for<a href=\"https:\/\/themerex.net\/support\/\" target=\"_blank\" rel=\"noopener\"> further information<\/a>.\t\t\t\t\t\t\t\t<\/div>\n\t\t\t\t<\/div>\n\t\t\t\t\t<\/div>\n\t\t<\/div>\n\t\t\t\t\t<\/div>\n\t\t<\/section>\n\t\t\t\t<section class=\"elementor-section elementor-top-section elementor-element elementor-element-512307ef elementor-section-boxed elementor-section-height-default elementor-section-height-default\" data-id=\"512307ef\" data-element_type=\"section\" data-e-type=\"section\">\n\t\t\t\t\t\t<div class=\"elementor-container elementor-column-gap-extended\">\n\t\t\t\t\t<div class=\"elementor-column elementor-col-100 elementor-top-column elementor-element elementor-element-56783670 sc_inner_width_none sc_layouts_column_icons_position_left\" data-id=\"56783670\" data-element_type=\"column\" data-e-type=\"column\">\n\t\t\t<div class=\"elementor-widget-wrap elementor-element-populated\">\n\t\t\t\t\t\t<div class=\"elementor-element elementor-element-3dfb56b2 elementor-widget-divider--view-line sc_fly_static elementor-widget elementor-widget-divider\" data-id=\"3dfb56b2\" data-element_type=\"widget\" data-e-type=\"widget\" data-widget_type=\"divider.default\">\n\t\t\t\t<div class=\"elementor-widget-container\">\n\t\t\t\t\t\t\t<div class=\"elementor-divider\">\n\t\t\t<span class=\"elementor-divider-separator\">\n\t\t\t\t\t\t<\/span>\n\t\t<\/div>\n\t\t\t\t\t\t<\/div>\n\t\t\t\t<\/div>\n\t\t\t\t\t<\/div>\n\t\t<\/div>\n\t\t\t\t\t<\/div>\n\t\t<\/section>\n\t\t\t\t<section class=\"elementor-section elementor-top-section elementor-element elementor-element-094e970 elementor-section-boxed elementor-section-height-default elementor-section-height-default\" data-id=\"094e970\" data-element_type=\"section\" data-e-type=\"section\">\n\t\t\t\t\t\t<div class=\"elementor-container elementor-column-gap-extended\">\n\t\t\t\t\t<div class=\"elementor-column elementor-col-100 elementor-top-column elementor-element elementor-element-b3da70e sc_inner_width_none sc_layouts_column_icons_position_left\" data-id=\"b3da70e\" data-element_type=\"column\" data-e-type=\"column\">\n\t\t\t<div class=\"elementor-widget-wrap elementor-element-populated\">\n\t\t\t\t\t\t<div class=\"elementor-element elementor-element-6ef9e7a sc_fly_static elementor-widget elementor-widget-spacer\" data-id=\"6ef9e7a\" data-element_type=\"widget\" data-e-type=\"widget\" data-widget_type=\"spacer.default\">\n\t\t\t\t<div class=\"elementor-widget-container\">\n\t\t\t\t\t\t\t<div class=\"elementor-spacer\">\n\t\t\t<div class=\"elementor-spacer-inner\"><\/div>\n\t\t<\/div>\n\t\t\t\t\t\t<\/div>\n\t\t\t\t<\/div>\n\t\t\t\t\t<\/div>\n\t\t<\/div>\n\t\t\t\t\t<\/div>\n\t\t<\/section>\n\t\t\t\t<section class=\"elementor-section elementor-top-section elementor-element elementor-element-7299bac0 elementor-section-boxed elementor-section-height-default elementor-section-height-default\" data-id=\"7299bac0\" data-element_type=\"section\" data-e-type=\"section\">\n\t\t\t\t\t\t<div class=\"elementor-container elementor-column-gap-extended\">\n\t\t\t\t\t<div class=\"elementor-column elementor-col-100 elementor-top-column elementor-element elementor-element-3a8f9744 sc_inner_width_none sc_layouts_column_icons_position_left\" data-id=\"3a8f9744\" data-element_type=\"column\" data-e-type=\"column\">\n\t\t\t<div class=\"elementor-widget-wrap elementor-element-populated\">\n\t\t\t\t\t\t<div class=\"elementor-element elementor-element-74c7db4 sc_fly_static elementor-widget elementor-widget-trx_sc_title\" data-id=\"74c7db4\" data-element_type=\"widget\" data-e-type=\"widget\" data-widget_type=\"trx_sc_title.default\">\n\t\t\t\t<div class=\"elementor-widget-container\">\n\t\t\t\t\t<div id=\"trx_sc_title_1992817495\"\n\t\tclass=\"sc_title sc_title_default\"><h2 class=\"sc_item_title sc_title_title sc_align_center sc_item_title_style_default\"><span class=\"sc_item_title_text\">Customization Packages<\/span><\/h2><\/div><!-- \/.sc_title -->\t\t\t\t<\/div>\n\t\t\t\t<\/div>\n\t\t\t\t<div class=\"elementor-element elementor-element-eba84fe sc_fly_static elementor-widget elementor-widget-spacer\" data-id=\"eba84fe\" data-element_type=\"widget\" data-e-type=\"widget\" data-widget_type=\"spacer.default\">\n\t\t\t\t<div class=\"elementor-widget-container\">\n\t\t\t\t\t\t\t<div class=\"elementor-spacer\">\n\t\t\t<div class=\"elementor-spacer-inner\"><\/div>\n\t\t<\/div>\n\t\t\t\t\t\t<\/div>\n\t\t\t\t<\/div>\n\t\t\t\t<div class=\"elementor-element elementor-element-38b02b81 sc_fly_static elementor-widget elementor-widget-trx_sc_price\" data-id=\"38b02b81\" data-element_type=\"widget\" data-e-type=\"widget\" data-widget_type=\"trx_sc_price.default\">\n\t\t\t\t<div class=\"elementor-widget-container\">\n\t\t\t\t\t<div  id=\"trx_sc_price_1105403755\" \n\tclass=\"sc_price sc_price_default\"><div class=\"sc_price_columns_wrap sc_item_columns trx_addons_columns_wrap columns_padding_bottom\"><div class=\"trx_addons_column-1_3\"><div class=\"sc_price_item sc_price_item_default\">\n\t\t\t<div class=\"sc_price_item_info\"><h6 class=\"sc_price_item_subtitle\"><span>regular<\/span><\/h6><h3 class=\"sc_price_item_title\"><span>Installation + Logo Change<\/span><\/h3><div class=\"sc_price_item_price\"><span class=\"sc_price_item_price_before\">$<\/span><span class=\"sc_price_item_price_value\">45<\/span><\/div><div class=\"sc_price_item_details\"><ul class=\"trx_addons_list_dot\">\n \t<li style=\"text-align: left;\">The template will be installed to your server to look like in our online demo. Access to Admin panel will be granted to you to manage your website<\/li>\n \t<li style=\"text-align: left;\">We will replace the template\u2019s logo with yours on each page of the template. The logo has to be in good quality in .PSD, .EPS, .PNG, .JPG format. Logo width should be 300px and 600px<\/li>\n<\/ul><\/div><a href=\"https:\/\/themerex.net\/downloads\/theme-installation\/?utm_source=demosplus&#038;utm_medium=demosplus&#038;utm_campaign=demosplus\" class=\"sc_price_item_link sc_button\" target=\"_blank\">Grab this Deal<\/a><\/div><!-- \/.sc_price_item_info --><\/div><\/div><div class=\"trx_addons_column-1_3\"><div class=\"sc_price_item sc_price_item_default\">\n\t\t\t<div class=\"sc_price_item_info\"><h6 class=\"sc_price_item_subtitle\"><span>silver<\/span><\/h6><h3 class=\"sc_price_item_title\"><span>Ready-to-Use Website<\/span><\/h3><div class=\"sc_price_item_price\"><span class=\"sc_price_item_price_before\">$<\/span><span class=\"sc_price_item_price_value\">395<\/span><\/div><div class=\"sc_price_item_details\"><ul class=\"trx_addons_list_dot\">\n \t<li style=\"text-align: left;\">Theme installation on your server with your logo<\/li>\n \t<li style=\"text-align: left;\">Google map with your address set<\/li>\n \t<li style=\"text-align: left;\">Replacing content and images up to 6 pages (without layout change)<\/li>\n \t<li style=\"text-align: left;\">Removing some elements that you do not need on your website<\/li>\n \t<li style=\"text-align: left;\">Social icons set (without changing themes' layout)<\/li>\n \t<li style=\"text-align: left;\">Replacement of color scheme<\/li>\n<\/ul><\/div><a href=\"https:\/\/themerex.net\/downloads\/ready-use-website\/?utm_source=demosplus&#038;utm_medium=demosplus&#038;utm_campaign=demosplus\" class=\"sc_price_item_link sc_button\" target=\"_blank\">Grab this Deal<\/a><\/div><!-- \/.sc_price_item_info --><\/div><\/div><div class=\"trx_addons_column-1_3\"><div class=\"sc_price_item sc_price_item_default\">\n\t\t\t<div class=\"sc_price_item_info\"><h6 class=\"sc_price_item_subtitle\"><span>gold<\/span><\/h6><h3 class=\"sc_price_item_title\"><span>Full Website Package<\/span><\/h3><div class=\"sc_price_item_price\"><span class=\"sc_price_item_price_before\">$<\/span><span class=\"sc_price_item_price_value\">699<\/span><\/div><div class=\"sc_price_item_details\"><ul class=\"trx_addons_list_dot\"><li style=\"font-weight: 400;\" aria-level=\"1\"><span style=\"font-weight: 400;\">WordPress and theme installation<\/span><\/li><li style=\"font-weight: 400;\" aria-level=\"1\"><span style=\"font-weight: 400;\">Customization of website branding<\/span><\/li><li style=\"font-weight: 400;\" aria-level=\"1\"><span style=\"font-weight: 400;\">Color scheme replacement<\/span><\/li><li style=\"font-weight: 400;\" aria-level=\"1\"><span style=\"font-weight: 400;\">Content setup (adding 6 pages, 6 posts, Revolution sliders)<\/span><\/li><li style=\"font-weight: 400;\" aria-level=\"1\"><span style=\"font-weight: 400;\">SEO Essentials<\/span><\/li><li style=\"font-weight: 400;\" aria-level=\"1\"><span style=\"font-weight: 400;\">Website speed optimization<\/span><\/li><\/ul><\/div><a href=\"https:\/\/themerex.net\/downloads\/full-website-package\/?utm_source=demosplus&#038;utm_medium=demosplus&#038;utm_campaign=demosplus\" class=\"sc_price_item_link sc_button\" target=\"_blank\">Grab this Deal<\/a><\/div><!-- \/.sc_price_item_info --><\/div><\/div><\/div><\/div><!-- \/.sc_price -->\t\t\t\t<\/div>\n\t\t\t\t<\/div>\n\t\t\t\t\t<\/div>\n\t\t<\/div>\n\t\t\t\t\t<\/div>\n\t\t<\/section>\n\t\t\t\t<section class=\"elementor-section elementor-top-section elementor-element elementor-element-e4f14e7 elementor-section-boxed elementor-section-height-default elementor-section-height-default\" data-id=\"e4f14e7\" data-element_type=\"section\" data-e-type=\"section\">\n\t\t\t\t\t\t<div class=\"elementor-container elementor-column-gap-extended\">\n\t\t\t\t\t<div class=\"elementor-column elementor-col-100 elementor-top-column elementor-element elementor-element-b5b3c61 sc_inner_width_none sc_layouts_column_icons_position_left\" data-id=\"b5b3c61\" data-element_type=\"column\" data-e-type=\"column\">\n\t\t\t<div class=\"elementor-widget-wrap elementor-element-populated\">\n\t\t\t\t\t\t<div class=\"elementor-element elementor-element-ba26bdd sc_fly_static elementor-widget elementor-widget-spacer\" data-id=\"ba26bdd\" data-element_type=\"widget\" data-e-type=\"widget\" data-widget_type=\"spacer.default\">\n\t\t\t\t<div class=\"elementor-widget-container\">\n\t\t\t\t\t\t\t<div class=\"elementor-spacer\">\n\t\t\t<div class=\"elementor-spacer-inner\"><\/div>\n\t\t<\/div>\n\t\t\t\t\t\t<\/div>\n\t\t\t\t<\/div>\n\t\t\t\t\t<\/div>\n\t\t<\/div>\n\t\t\t\t\t<\/div>\n\t\t<\/section>\n\t\t\t\t<\/div>\n\t\t","protected":false},"excerpt":{"rendered":"<p>Dear Customers, Our primary goal is developing a secure and customizable theme framework that meets the needs of the end user. Therefore, our customers are able to create websites using our templates as easy as 1-2-3! This process requires minimum knowledge of WordPress and coding, and extended documentation and our Support Team is always at&hellip;<\/p>\n","protected":false},"author":1,"featured_media":0,"parent":0,"menu_order":0,"comment_status":"closed","ping_status":"closed","template":"","meta":{"footnotes":""},"class_list":["post-63","page","type-page","status-publish","hentry"],"yoast_head":"<!-- This site is optimized with the Yoast SEO plugin v26.9 - https:\/\/yoast.com\/product\/yoast-seo-wordpress\/ -->\n<title>Service Plus - Haus W\u00e4chter GmbH<\/title>\n<meta name=\"robots\" content=\"index, follow, max-snippet:-1, max-image-preview:large, max-video-preview:-1\" \/>\n<link rel=\"canonical\" href=\"https:\/\/haus-waechter.com\/?page_id=63\" \/>\n<meta property=\"og:locale\" content=\"de_DE\" \/>\n<meta property=\"og:type\" content=\"article\" \/>\n<meta property=\"og:title\" content=\"Service Plus - Haus W\u00e4chter GmbH\" \/>\n<meta property=\"og:description\" content=\"Dear Customers, Our primary goal is developing a secure and customizable theme framework that meets the needs of the end user. Therefore, our customers are able to create websites using our templates as easy as 1-2-3! This process requires minimum knowledge of WordPress and coding, and extended documentation and our Support Team is always at&hellip;\" \/>\n<meta property=\"og:url\" content=\"https:\/\/haus-waechter.com\/?page_id=63\" \/>\n<meta property=\"og:site_name\" content=\"Haus W\u00e4chter GmbH\" \/>\n<meta property=\"article:modified_time\" content=\"2022-07-07T07:38:35+00:00\" \/>\n<meta name=\"twitter:card\" content=\"summary_large_image\" \/>\n<meta name=\"twitter:label1\" content=\"Gesch\u00e4tzte Lesezeit\" \/>\n\t<meta name=\"twitter:data1\" content=\"1\u00a0Minute\" \/>\n<script type=\"application\/ld+json\" class=\"yoast-schema-graph\">{\"@context\":\"https:\/\/schema.org\",\"@graph\":[{\"@type\":\"WebPage\",\"@id\":\"https:\/\/haus-waechter.com\/?page_id=63\",\"url\":\"https:\/\/haus-waechter.com\/?page_id=63\",\"name\":\"Service Plus - Haus W\u00e4chter GmbH\",\"isPartOf\":{\"@id\":\"https:\/\/haus-waechter.com\/#website\"},\"datePublished\":\"2019-01-03T08:25:45+00:00\",\"dateModified\":\"2022-07-07T07:38:35+00:00\",\"breadcrumb\":{\"@id\":\"https:\/\/haus-waechter.com\/?page_id=63#breadcrumb\"},\"inLanguage\":\"de\",\"potentialAction\":[{\"@type\":\"ReadAction\",\"target\":[\"https:\/\/haus-waechter.com\/?page_id=63\"]}]},{\"@type\":\"BreadcrumbList\",\"@id\":\"https:\/\/haus-waechter.com\/?page_id=63#breadcrumb\",\"itemListElement\":[{\"@type\":\"ListItem\",\"position\":1,\"name\":\"Startseite\",\"item\":\"https:\/\/haus-waechter.com\/\"},{\"@type\":\"ListItem\",\"position\":2,\"name\":\"Service Plus\"}]},{\"@type\":\"WebSite\",\"@id\":\"https:\/\/haus-waechter.com\/#website\",\"url\":\"https:\/\/haus-waechter.com\/\",\"name\":\"Haus W\u00e4chter GmbH\",\"description\":\"So wenig wie m\u00f6glich, so viel wie n\u00f6tig\",\"publisher\":{\"@id\":\"https:\/\/haus-waechter.com\/#organization\"},\"potentialAction\":[{\"@type\":\"SearchAction\",\"target\":{\"@type\":\"EntryPoint\",\"urlTemplate\":\"https:\/\/haus-waechter.com\/?s={search_term_string}\"},\"query-input\":{\"@type\":\"PropertyValueSpecification\",\"valueRequired\":true,\"valueName\":\"search_term_string\"}}],\"inLanguage\":\"de\"},{\"@type\":\"Organization\",\"@id\":\"https:\/\/haus-waechter.com\/#organization\",\"name\":\"Haus W\u00e4chter GmbH\",\"url\":\"https:\/\/haus-waechter.com\/\",\"logo\":{\"@type\":\"ImageObject\",\"inLanguage\":\"de\",\"@id\":\"https:\/\/haus-waechter.com\/#\/schema\/logo\/image\/\",\"url\":\"https:\/\/haus-waechter.com\/wp-content\/uploads\/2024\/12\/cropped-LogoFreigestellt.png\",\"contentUrl\":\"https:\/\/haus-waechter.com\/wp-content\/uploads\/2024\/12\/cropped-LogoFreigestellt.png\",\"width\":1699,\"height\":1599,\"caption\":\"Haus W\u00e4chter GmbH\"},\"image\":{\"@id\":\"https:\/\/haus-waechter.com\/#\/schema\/logo\/image\/\"},\"sameAs\":[\"https:\/\/www.instagram.com\/haus_waechter_sbk\"]}]}<\/script>\n<!-- \/ Yoast SEO plugin. -->","yoast_head_json":{"title":"Service Plus - Haus W\u00e4chter GmbH","robots":{"index":"index","follow":"follow","max-snippet":"max-snippet:-1","max-image-preview":"max-image-preview:large","max-video-preview":"max-video-preview:-1"},"canonical":"https:\/\/haus-waechter.com\/?page_id=63","og_locale":"de_DE","og_type":"article","og_title":"Service Plus - Haus W\u00e4chter GmbH","og_description":"Dear Customers, Our primary goal is developing a secure and customizable theme framework that meets the needs of the end user. Therefore, our customers are able to create websites using our templates as easy as 1-2-3! This process requires minimum knowledge of WordPress and coding, and extended documentation and our Support Team is always at&hellip;","og_url":"https:\/\/haus-waechter.com\/?page_id=63","og_site_name":"Haus W\u00e4chter GmbH","article_modified_time":"2022-07-07T07:38:35+00:00","twitter_card":"summary_large_image","twitter_misc":{"Gesch\u00e4tzte Lesezeit":"1\u00a0Minute"},"schema":{"@context":"https:\/\/schema.org","@graph":[{"@type":"WebPage","@id":"https:\/\/haus-waechter.com\/?page_id=63","url":"https:\/\/haus-waechter.com\/?page_id=63","name":"Service Plus - Haus W\u00e4chter GmbH","isPartOf":{"@id":"https:\/\/haus-waechter.com\/#website"},"datePublished":"2019-01-03T08:25:45+00:00","dateModified":"2022-07-07T07:38:35+00:00","breadcrumb":{"@id":"https:\/\/haus-waechter.com\/?page_id=63#breadcrumb"},"inLanguage":"de","potentialAction":[{"@type":"ReadAction","target":["https:\/\/haus-waechter.com\/?page_id=63"]}]},{"@type":"BreadcrumbList","@id":"https:\/\/haus-waechter.com\/?page_id=63#breadcrumb","itemListElement":[{"@type":"ListItem","position":1,"name":"Startseite","item":"https:\/\/haus-waechter.com\/"},{"@type":"ListItem","position":2,"name":"Service Plus"}]},{"@type":"WebSite","@id":"https:\/\/haus-waechter.com\/#website","url":"https:\/\/haus-waechter.com\/","name":"Haus W\u00e4chter GmbH","description":"So wenig wie m\u00f6glich, so viel wie n\u00f6tig","publisher":{"@id":"https:\/\/haus-waechter.com\/#organization"},"potentialAction":[{"@type":"SearchAction","target":{"@type":"EntryPoint","urlTemplate":"https:\/\/haus-waechter.com\/?s={search_term_string}"},"query-input":{"@type":"PropertyValueSpecification","valueRequired":true,"valueName":"search_term_string"}}],"inLanguage":"de"},{"@type":"Organization","@id":"https:\/\/haus-waechter.com\/#organization","name":"Haus W\u00e4chter GmbH","url":"https:\/\/haus-waechter.com\/","logo":{"@type":"ImageObject","inLanguage":"de","@id":"https:\/\/haus-waechter.com\/#\/schema\/logo\/image\/","url":"https:\/\/haus-waechter.com\/wp-content\/uploads\/2024\/12\/cropped-LogoFreigestellt.png","contentUrl":"https:\/\/haus-waechter.com\/wp-content\/uploads\/2024\/12\/cropped-LogoFreigestellt.png","width":1699,"height":1599,"caption":"Haus W\u00e4chter GmbH"},"image":{"@id":"https:\/\/haus-waechter.com\/#\/schema\/logo\/image\/"},"sameAs":["https:\/\/www.instagram.com\/haus_waechter_sbk"]}]}},"_links":{"self":[{"href":"https:\/\/haus-waechter.com\/index.php?rest_route=\/wp\/v2\/pages\/63","targetHints":{"allow":["GET"]}}],"collection":[{"href":"https:\/\/haus-waechter.com\/index.php?rest_route=\/wp\/v2\/pages"}],"about":[{"href":"https:\/\/haus-waechter.com\/index.php?rest_route=\/wp\/v2\/types\/page"}],"author":[{"embeddable":true,"href":"https:\/\/haus-waechter.com\/index.php?rest_route=\/wp\/v2\/users\/1"}],"replies":[{"embeddable":true,"href":"https:\/\/haus-waechter.com\/index.php?rest_route=%2Fwp%2Fv2%2Fcomments&post=63"}],"version-history":[{"count":0,"href":"https:\/\/haus-waechter.com\/index.php?rest_route=\/wp\/v2\/pages\/63\/revisions"}],"wp:attachment":[{"href":"https:\/\/haus-waechter.com\/index.php?rest_route=%2Fwp%2Fv2%2Fmedia&parent=63"}],"curies":[{"name":"wp","href":"https:\/\/api.w.org\/{rel}","templated":true}]}}