{"id":3681,"date":"2025-05-04T18:02:49","date_gmt":"2025-05-04T18:02:49","guid":{"rendered":"https:\/\/haus-waechter.com\/?page_id=3681"},"modified":"2025-08-05T14:03:17","modified_gmt":"2025-08-05T14:03:17","slug":"datenschutz-erklaerung","status":"publish","type":"page","link":"https:\/\/haus-waechter.com\/?page_id=3681","title":{"rendered":"Datenschutz-Erkl\u00e4rung"},"content":{"rendered":"\t\t<div data-elementor-type=\"wp-page\" data-elementor-id=\"3681\" class=\"elementor elementor-3681\">\n\t\t\t\t\t\t<section class=\"elementor-section elementor-top-section elementor-element elementor-element-17a9277 elementor-section-boxed elementor-section-height-default elementor-section-height-default\" data-id=\"17a9277\" data-element_type=\"section\" data-e-type=\"section\">\n\t\t\t\t\t\t<div class=\"elementor-container elementor-column-gap-extended\">\n\t\t\t\t\t<div class=\"elementor-column elementor-col-100 elementor-top-column elementor-element elementor-element-272cf80 sc_inner_width_none sc_layouts_column_icons_position_left\" data-id=\"272cf80\" data-element_type=\"column\" data-e-type=\"column\">\n\t\t\t<div class=\"elementor-widget-wrap\">\n\t\t\t\t\t\t\t<\/div>\n\t\t<\/div>\n\t\t\t\t\t<\/div>\n\t\t<\/section>\n\t\t\t\t<section class=\"elementor-section elementor-top-section elementor-element elementor-element-3fcd4dc7 elementor-section-boxed elementor-section-height-default elementor-section-height-default\" data-id=\"3fcd4dc7\" data-element_type=\"section\" data-e-type=\"section\">\n\t\t\t\t\t\t<div class=\"elementor-container elementor-column-gap-extended\">\n\t\t\t\t\t<div class=\"elementor-column elementor-col-100 elementor-top-column elementor-element elementor-element-72111d6b sc_inner_width_none sc_layouts_column_icons_position_left\" data-id=\"72111d6b\" data-element_type=\"column\" data-e-type=\"column\">\n\t\t\t<div class=\"elementor-widget-wrap elementor-element-populated\">\n\t\t\t\t\t\t<div class=\"elementor-element elementor-element-e45b12e sc_fly_static elementor-widget elementor-widget-heading\" data-id=\"e45b12e\" data-element_type=\"widget\" data-e-type=\"widget\" data-widget_type=\"heading.default\">\n\t\t\t\t<div class=\"elementor-widget-container\">\n\t\t\t\t\t<h2 class=\"elementor-heading-title elementor-size-default\">Datenschutz-Erkl\u00e4rung<\/h2>\t\t\t\t<\/div>\n\t\t\t\t<\/div>\n\t\t\t\t<div class=\"elementor-element elementor-element-9fd9df0 sc_fly_static elementor-widget elementor-widget-spacer\" data-id=\"9fd9df0\" data-element_type=\"widget\" data-e-type=\"widget\" data-widget_type=\"spacer.default\">\n\t\t\t\t<div class=\"elementor-widget-container\">\n\t\t\t\t\t\t\t<div class=\"elementor-spacer\">\n\t\t\t<div class=\"elementor-spacer-inner\"><\/div>\n\t\t<\/div>\n\t\t\t\t\t\t<\/div>\n\t\t\t\t<\/div>\n\t\t\t\t<div class=\"elementor-element elementor-element-75ecf489 sc_fly_static elementor-widget elementor-widget-text-editor\" data-id=\"75ecf489\" data-element_type=\"widget\" data-e-type=\"widget\" data-widget_type=\"text-editor.default\">\n\t\t\t\t<div class=\"elementor-widget-container\">\n\t\t\t\t\t\t\t\t\t<p>Der Betrieb dieser Webseite f\u00fchrt in jedem Fall zur automatisierten Verarbeitung personenbezogener Daten. An dieser Stelle informieren wir Sie entsprechend unserer gesetzlichen Verpflichtung gem\u00e4\u00df Art. 13 DSGVO.<\/p>\n<h5>Name und Anschrift des Verantwortlichen<\/h5>\n<p>Verantwortlich f\u00fcr die Datenverarbeitung im Sinne der DSGVO ist<\/p>\n<p>Haus-W\u00e4chter GmbH<br>Auf den Pohl\u00e4ckern 15<br>31275 Lehrte<\/p>\n<p>Telefon: 05132\/888855<br>E-Mail: <a href=\"mailto:info@haus-waechter.com\">info@haus-waechter.com<\/a><\/p>\n<h5>Allgemeine Hinweise<\/h5>\n<p>Wir verarbeiten im Rahmen unserer Webseite personenbezogene Daten, die f\u00fcr den technischen Betrieb und die komfortable Nutzung der Webseite erforderlich sind.<\/p>\n<p>Rechtsgrundlagen f\u00fcr die Verarbeitung Ihrer personenbezogenen Daten ist unser berechtigtes Interesse am st\u00f6rungsfreien Betrieb unserer Webseite (Art. 6, Abs. (1), lit. f) DSGVO).<\/p>\n<p>Die Verarbeitung Ihrer Daten im Rahmen unserer Webseite ist nicht gesetzlich vorgeschrieben oder f\u00fcr einen m\u00f6glichen Vertragsabschluss erforderlich.<\/p>\n<p>Ihre Daten werden nicht genutzt f\u00fcr eine automatisierte Entscheidungsfindung oder ein Profiling.<\/p>\n<h5>Verarbeitung personenbezogener Daten zum technischen Betrieb unserer Webseite<\/h5>\n<p>Technische Verbindungsinformationen werden vom Webhoster IONOS SE, Elgendorfer Str. 57, 56410 Montabaur als Auftragsverarbeiter verarbeitet. Dem Auftragsverarbeiter ist es vertraglich untersagt, die technischen Verbindungsinformationen zu anderen Zwecken als zur Zurverf\u00fcgungstellung unseres Onlineangebotes zu verarbeiten.<\/p>\n<p><strong>Zwecke der Verarbeitung:<\/strong><\/p>\n<ul>\n<li>Gew\u00e4hrleistung eines reibungslosen Verbindungsaufbaus<\/li>\n<li>Gew\u00e4hrleistung einer komfortablen Nutzung unserer Webseite<\/li>\n<li>Auswertung der Systemsicherheit und -stabilit\u00e4t<\/li>\n<li>Erm\u00f6glichung technischer Administration<\/li>\n<li>Erm\u00f6glichung der Netzinfrastruktur<\/li>\n<li>zu weiteren administrativen Zwecken<\/li>\n<\/ul>\n<p><strong>Rechtsgrundlage:<\/strong><\/p>\n<ul>\n<li>unser berechtigtes Interesse am st\u00f6rungsfreien Betrieb unserer Webseite gem. Art. 6, Abs. (1), lit. f) DSGVO<\/li>\n<\/ul>\n<p><strong>Folgende Daten werden verarbeitet, die direkt bei der Erhebung anonymisiert werden:<\/strong><\/p>\n<ul>\n<li>Referrer (die zuvor besuchte Webseite)<\/li>\n<li>Angeforderte Webseite oder Datei<\/li>\n<li>Browsertyp und Browserversion<\/li>\n<li>Verwendetes Betriebssystem<\/li>\n<li>Verwendeter Ger\u00e4tetyp<\/li>\n<li>Uhrzeit des Zugriffs<\/li>\n<li>IP-Adresse in anonymisierter Form (wird nur zur Feststellung des Orts des Zugriffs verwendet)<\/li>\n<\/ul>\n<p>Diese technischen Informationen mit Personenbezug werden beim Aufruf unserer Webseite durch Ihren Browser gesendet, ohne Ihr Zutun erfasst und gespeichert.<\/p>\n<p>Zus\u00e4tzlich findet eine Verarbeitung durch WebAnalytics statt.<\/p>\n<p>Eine Zusammenf\u00fchrung dieser Daten mit anderen Datenquellen wird nicht vorgenommen.<\/p>\n<p><strong>Empf\u00e4nger der Daten:<\/strong><\/p>\n<ul>\n<li>Unser Web-Hoster IONOS SE<\/li>\n<\/ul>\n<p><strong>Speicherdauer:<\/strong><\/p>\n<ul>\n<li>Die Daten werden 8 Wochen gespeichert.<\/li>\n<\/ul>\n<p>Eine \u00dcbermittlung der Daten an ein Drittland oder eine internationale Organisation findet nicht statt<\/p>\n<h5>Ihre Betroffenenrechte<\/h5>\n<p>Werden personenbezogene Daten von Ihnen verarbeitet, sind Sie Betroffener im Sinne der DSGVO und Sie k\u00f6nnen jederzeit folgende Rechte wahrnehmen:<\/p>\n<ul>\n<li>Auskunft \u00fcber Ihre bei uns gespeicherten Daten und deren Verarbeitung (Art. 15 DSGVO),<\/li>\n<li>Berichtigung unrichtiger bzw. Vervollst\u00e4ndigung personenbezogener Daten (Art. 16 DSGVO),<\/li>\n<li>&#8211; L\u00f6schung Ihrer bei uns gespeicherten Daten (Art. 17 DSGVO),<\/li>\n<li>Einschr\u00e4nkung der Datenverarbeitung, sofern wir Ihre Daten aufgrund gesetzlicher Pflichten noch nicht l\u00f6schen d\u00fcrfen (Art. 18 DSGVO),<\/li>\n<li>Daten\u00fcbertragbarkeit, sofern Sie in die Datenverarbeitung eingewilligt haben oder einen Vertrag mit uns abgeschlossen haben (Art. 20 DSGVO),<\/li>\n<li>Widerspruch gegen die Verarbeitung Ihrer Daten bei uns (Art. 21 DSGVO).<\/li>\n<li>Sofern Sie uns eine Einwilligung zur Verarbeitung Ihrer Daten erteilt haben, k\u00f6nnen Sie diese jederzeit mit Wirkung f\u00fcr die Zukunft widerrufen (Art. 7 Abs. 3 DSGVO).<\/li>\n<\/ul>\n<p>Wenn Sie Ihre Rechte uns gegen\u00fcber wahrnehmen wollen, dann senden Sie bitte eine E-Mail an <a href=\"mailto:info@haus-waechter.com\">info@haus-waechter.com<\/a>.<br>Weiterhin k\u00f6nnen Sie sich jederzeit mit einer Beschwerde an zust\u00e4ndige Aufsichtsbeh\u00f6rde wenden (Art. 77 DSGVO):<\/p>\n<p>Der Landesbeauftragte f\u00fcr den Datenschutz Niedersachsen<br>Postfach 221<br>30002 Hannover<br>E-Mail: <a href=\"mailto:poststelle@lfd.niedersachsen.de\">poststelle@lfd.niedersachsen.de<\/a><\/p>\n<h5>Google Web Fonts<\/h5>\n<p>Diese Seite nutzt zur einheitlichen Darstellung von Schriftarten so genannte Web Fonts, die von Google bereitgestellt werden. Die Google Fonts sind lokal installiert. Eine Verbindung zu Servern von Google findet dabei nicht statt.<\/p>\n<h5>Google Maps<\/h5>\n<p>Wir nutzen Google Maps um Ihnen eine komfortable M\u00f6glichkeit zu bieten, unseren Standort zu finden. Bei der Nutzung von Google Maps verlassen Sie unsere Webseite und Ihre personenbezogenen Daten werden von Google verarbeitet. Deswegen ist Google Maps erst nach Ihrer Einwilligung in die Verarbeitung Ihrer Daten durch Google freigeschaltet. Ihre Daten werden verarbeitet von Google Ireland Ltd, Gordon House, Barrow Street, Dublin 4, Irland.<\/p>\n<p><strong>Hier k\u00f6nnen Sie die Datenschutzerkl\u00e4rung von Google Ireland einsehen: <\/strong><a href=\"https:\/\/business.safety.google\/privacy\/\"><strong>https:\/\/business.safety.google\/privacy\/<\/strong><\/a><\/p>\n<div class=\"mkb-anchor mkb-clearfix mkb-back-to-top-inline\">\n<h5 class=\"wp-block-heading mkb-anchor__title\">Borlabs Cookie<\/h5>\n<p>Diese Website verwendet Borlabs Cookie, das ein technisch notwendiges Cookie (<em>borlabs-cookie<\/em>) setzt, um Ihre Cookie-Einwilligungen zu speichern.<\/p>\n<\/div>\n<p>Borlabs Cookie verarbeitet keinerlei personenbezogenen Daten.<\/p>\n<p>Im Cookie&nbsp;<em>borlabs-cookie<\/em> werden Ihre Einwilligungen gespeichert, die Sie beim Betreten der Website gegeben haben. M\u00f6chten Sie diese Einwilligungen widerrufen, l\u00f6schen Sie einfach das Cookie in Ihrem Browser. Wenn Sie die Website neu betreten\/neu laden, werden Sie erneut nach Ihrer Cookie-Einwilligung gefragt.<\/p>\n<h5>Weitere Cookies und technische Dienste<\/h5>\n<p>Nachfolgend f\u00fchren wir die konkreten Dienste und die damit verbundenen Cookies auf, die auf dieser Website verwendet werden. \u00dcber den von uns eingesetzten Consent-Manager k\u00f6nnen Sie Ihre pers\u00f6nlichen Pr\u00e4ferenzen einstellen.<\/p>\n<p>Aktuell setzen wir ausschlie\u00dflich technisch notwendige (\u201eessenzielle\u201c) Cookies ein, die nicht abgew\u00e4hlt werden k\u00f6nnen.<\/p>\n<p>Name: trx_addons_is_retina<br>Anbieter: ThemeREX<br>Ablaufdatum: 1 Jahr<br>Typ: HTTP-Cookie<br>Funktion: Legt fest, welches Ger\u00e4t vom Besucher verwendet wird \u2013 Dadurch kann sich die Webseite auf die optimale Aufl\u00f6sung f\u00fcr das jeweilige Ger\u00e4t einstellen.<\/p>\n<p><!-- \/wp:separator --><\/p>\t\t\t\t\t\t\t\t<\/div>\n\t\t\t\t<\/div>\n\t\t\t\t<div class=\"elementor-element elementor-element-ca1baec sc_fly_static elementor-widget elementor-widget-spacer\" data-id=\"ca1baec\" data-element_type=\"widget\" data-e-type=\"widget\" data-widget_type=\"spacer.default\">\n\t\t\t\t<div class=\"elementor-widget-container\">\n\t\t\t\t\t\t\t<div class=\"elementor-spacer\">\n\t\t\t<div class=\"elementor-spacer-inner\"><\/div>\n\t\t<\/div>\n\t\t\t\t\t\t<\/div>\n\t\t\t\t<\/div>\n\t\t\t\t\t<\/div>\n\t\t<\/div>\n\t\t\t\t\t<\/div>\n\t\t<\/section>\n\t\t\t\t<\/div>\n\t\t","protected":false},"excerpt":{"rendered":"<p>Datenschutz-Erkl\u00e4rung Der Betrieb dieser Webseite f\u00fchrt in jedem Fall zur automatisierten Verarbeitung personenbezogener Daten. An dieser Stelle informieren wir Sie entsprechend unserer gesetzlichen Verpflichtung gem\u00e4\u00df Art. 13 DSGVO. Name und Anschrift des Verantwortlichen Verantwortlich f\u00fcr die Datenverarbeitung im Sinne der DSGVO ist Haus-W\u00e4chter GmbHAuf den Pohl\u00e4ckern 1531275 Lehrte Telefon: 05132\/888855E-Mail: info@haus-waechter.com Allgemeine Hinweise Wir verarbeiten&hellip;<\/p>\n","protected":false},"author":2,"featured_media":0,"parent":0,"menu_order":0,"comment_status":"closed","ping_status":"closed","template":"","meta":{"footnotes":""},"class_list":["post-3681","page","type-page","status-publish","hentry"],"yoast_head":"<!-- This site is optimized with the Yoast SEO plugin v26.9 - https:\/\/yoast.com\/product\/yoast-seo-wordpress\/ -->\n<title>Datenschutz-Erkl\u00e4rung - Haus W\u00e4chter GmbH<\/title>\n<meta name=\"robots\" content=\"index, follow, max-snippet:-1, max-image-preview:large, max-video-preview:-1\" \/>\n<link rel=\"canonical\" href=\"https:\/\/haus-waechter.com\/?page_id=3681\" \/>\n<meta property=\"og:locale\" content=\"de_DE\" \/>\n<meta property=\"og:type\" content=\"article\" \/>\n<meta property=\"og:title\" content=\"Datenschutz-Erkl\u00e4rung - Haus W\u00e4chter GmbH\" \/>\n<meta property=\"og:description\" content=\"Datenschutz-Erkl\u00e4rung Der Betrieb dieser Webseite f\u00fchrt in jedem Fall zur automatisierten Verarbeitung personenbezogener Daten. An dieser Stelle informieren wir Sie entsprechend unserer gesetzlichen Verpflichtung gem\u00e4\u00df Art. 13 DSGVO. Name und Anschrift des Verantwortlichen Verantwortlich f\u00fcr die Datenverarbeitung im Sinne der DSGVO ist Haus-W\u00e4chter GmbHAuf den Pohl\u00e4ckern 1531275 Lehrte Telefon: 05132\/888855E-Mail: info@haus-waechter.com Allgemeine Hinweise Wir verarbeiten&hellip;\" \/>\n<meta property=\"og:url\" content=\"https:\/\/haus-waechter.com\/?page_id=3681\" \/>\n<meta property=\"og:site_name\" content=\"Haus W\u00e4chter GmbH\" \/>\n<meta property=\"article:modified_time\" content=\"2025-08-05T14:03:17+00:00\" \/>\n<meta name=\"twitter:card\" content=\"summary_large_image\" \/>\n<meta name=\"twitter:label1\" content=\"Gesch\u00e4tzte Lesezeit\" \/>\n\t<meta name=\"twitter:data1\" content=\"4\u00a0Minuten\" \/>\n<script type=\"application\/ld+json\" class=\"yoast-schema-graph\">{\"@context\":\"https:\/\/schema.org\",\"@graph\":[{\"@type\":\"WebPage\",\"@id\":\"https:\/\/haus-waechter.com\/?page_id=3681\",\"url\":\"https:\/\/haus-waechter.com\/?page_id=3681\",\"name\":\"Datenschutz-Erkl\u00e4rung - Haus W\u00e4chter GmbH\",\"isPartOf\":{\"@id\":\"https:\/\/haus-waechter.com\/#website\"},\"datePublished\":\"2025-05-04T18:02:49+00:00\",\"dateModified\":\"2025-08-05T14:03:17+00:00\",\"breadcrumb\":{\"@id\":\"https:\/\/haus-waechter.com\/?page_id=3681#breadcrumb\"},\"inLanguage\":\"de\",\"potentialAction\":[{\"@type\":\"ReadAction\",\"target\":[\"https:\/\/haus-waechter.com\/?page_id=3681\"]}]},{\"@type\":\"BreadcrumbList\",\"@id\":\"https:\/\/haus-waechter.com\/?page_id=3681#breadcrumb\",\"itemListElement\":[{\"@type\":\"ListItem\",\"position\":1,\"name\":\"Startseite\",\"item\":\"https:\/\/haus-waechter.com\/\"},{\"@type\":\"ListItem\",\"position\":2,\"name\":\"Datenschutz-Erkl\u00e4rung\"}]},{\"@type\":\"WebSite\",\"@id\":\"https:\/\/haus-waechter.com\/#website\",\"url\":\"https:\/\/haus-waechter.com\/\",\"name\":\"Haus W\u00e4chter GmbH\",\"description\":\"So wenig wie m\u00f6glich, so viel wie n\u00f6tig\",\"publisher\":{\"@id\":\"https:\/\/haus-waechter.com\/#organization\"},\"potentialAction\":[{\"@type\":\"SearchAction\",\"target\":{\"@type\":\"EntryPoint\",\"urlTemplate\":\"https:\/\/haus-waechter.com\/?s={search_term_string}\"},\"query-input\":{\"@type\":\"PropertyValueSpecification\",\"valueRequired\":true,\"valueName\":\"search_term_string\"}}],\"inLanguage\":\"de\"},{\"@type\":\"Organization\",\"@id\":\"https:\/\/haus-waechter.com\/#organization\",\"name\":\"Haus W\u00e4chter GmbH\",\"url\":\"https:\/\/haus-waechter.com\/\",\"logo\":{\"@type\":\"ImageObject\",\"inLanguage\":\"de\",\"@id\":\"https:\/\/haus-waechter.com\/#\/schema\/logo\/image\/\",\"url\":\"https:\/\/haus-waechter.com\/wp-content\/uploads\/2024\/12\/cropped-LogoFreigestellt.png\",\"contentUrl\":\"https:\/\/haus-waechter.com\/wp-content\/uploads\/2024\/12\/cropped-LogoFreigestellt.png\",\"width\":1699,\"height\":1599,\"caption\":\"Haus W\u00e4chter GmbH\"},\"image\":{\"@id\":\"https:\/\/haus-waechter.com\/#\/schema\/logo\/image\/\"},\"sameAs\":[\"https:\/\/www.instagram.com\/haus_waechter_sbk\"]}]}<\/script>\n<!-- \/ Yoast SEO plugin. -->","yoast_head_json":{"title":"Datenschutz-Erkl\u00e4rung - Haus W\u00e4chter GmbH","robots":{"index":"index","follow":"follow","max-snippet":"max-snippet:-1","max-image-preview":"max-image-preview:large","max-video-preview":"max-video-preview:-1"},"canonical":"https:\/\/haus-waechter.com\/?page_id=3681","og_locale":"de_DE","og_type":"article","og_title":"Datenschutz-Erkl\u00e4rung - Haus W\u00e4chter GmbH","og_description":"Datenschutz-Erkl\u00e4rung Der Betrieb dieser Webseite f\u00fchrt in jedem Fall zur automatisierten Verarbeitung personenbezogener Daten. An dieser Stelle informieren wir Sie entsprechend unserer gesetzlichen Verpflichtung gem\u00e4\u00df Art. 13 DSGVO. Name und Anschrift des Verantwortlichen Verantwortlich f\u00fcr die Datenverarbeitung im Sinne der DSGVO ist Haus-W\u00e4chter GmbHAuf den Pohl\u00e4ckern 1531275 Lehrte Telefon: 05132\/888855E-Mail: info@haus-waechter.com Allgemeine Hinweise Wir verarbeiten&hellip;","og_url":"https:\/\/haus-waechter.com\/?page_id=3681","og_site_name":"Haus W\u00e4chter GmbH","article_modified_time":"2025-08-05T14:03:17+00:00","twitter_card":"summary_large_image","twitter_misc":{"Gesch\u00e4tzte Lesezeit":"4\u00a0Minuten"},"schema":{"@context":"https:\/\/schema.org","@graph":[{"@type":"WebPage","@id":"https:\/\/haus-waechter.com\/?page_id=3681","url":"https:\/\/haus-waechter.com\/?page_id=3681","name":"Datenschutz-Erkl\u00e4rung - Haus W\u00e4chter GmbH","isPartOf":{"@id":"https:\/\/haus-waechter.com\/#website"},"datePublished":"2025-05-04T18:02:49+00:00","dateModified":"2025-08-05T14:03:17+00:00","breadcrumb":{"@id":"https:\/\/haus-waechter.com\/?page_id=3681#breadcrumb"},"inLanguage":"de","potentialAction":[{"@type":"ReadAction","target":["https:\/\/haus-waechter.com\/?page_id=3681"]}]},{"@type":"BreadcrumbList","@id":"https:\/\/haus-waechter.com\/?page_id=3681#breadcrumb","itemListElement":[{"@type":"ListItem","position":1,"name":"Startseite","item":"https:\/\/haus-waechter.com\/"},{"@type":"ListItem","position":2,"name":"Datenschutz-Erkl\u00e4rung"}]},{"@type":"WebSite","@id":"https:\/\/haus-waechter.com\/#website","url":"https:\/\/haus-waechter.com\/","name":"Haus W\u00e4chter GmbH","description":"So wenig wie m\u00f6glich, so viel wie n\u00f6tig","publisher":{"@id":"https:\/\/haus-waechter.com\/#organization"},"potentialAction":[{"@type":"SearchAction","target":{"@type":"EntryPoint","urlTemplate":"https:\/\/haus-waechter.com\/?s={search_term_string}"},"query-input":{"@type":"PropertyValueSpecification","valueRequired":true,"valueName":"search_term_string"}}],"inLanguage":"de"},{"@type":"Organization","@id":"https:\/\/haus-waechter.com\/#organization","name":"Haus W\u00e4chter GmbH","url":"https:\/\/haus-waechter.com\/","logo":{"@type":"ImageObject","inLanguage":"de","@id":"https:\/\/haus-waechter.com\/#\/schema\/logo\/image\/","url":"https:\/\/haus-waechter.com\/wp-content\/uploads\/2024\/12\/cropped-LogoFreigestellt.png","contentUrl":"https:\/\/haus-waechter.com\/wp-content\/uploads\/2024\/12\/cropped-LogoFreigestellt.png","width":1699,"height":1599,"caption":"Haus W\u00e4chter GmbH"},"image":{"@id":"https:\/\/haus-waechter.com\/#\/schema\/logo\/image\/"},"sameAs":["https:\/\/www.instagram.com\/haus_waechter_sbk"]}]}},"_links":{"self":[{"href":"https:\/\/haus-waechter.com\/index.php?rest_route=\/wp\/v2\/pages\/3681","targetHints":{"allow":["GET"]}}],"collection":[{"href":"https:\/\/haus-waechter.com\/index.php?rest_route=\/wp\/v2\/pages"}],"about":[{"href":"https:\/\/haus-waechter.com\/index.php?rest_route=\/wp\/v2\/types\/page"}],"author":[{"embeddable":true,"href":"https:\/\/haus-waechter.com\/index.php?rest_route=\/wp\/v2\/users\/2"}],"replies":[{"embeddable":true,"href":"https:\/\/haus-waechter.com\/index.php?rest_route=%2Fwp%2Fv2%2Fcomments&post=3681"}],"version-history":[{"count":34,"href":"https:\/\/haus-waechter.com\/index.php?rest_route=\/wp\/v2\/pages\/3681\/revisions"}],"predecessor-version":[{"id":3817,"href":"https:\/\/haus-waechter.com\/index.php?rest_route=\/wp\/v2\/pages\/3681\/revisions\/3817"}],"wp:attachment":[{"href":"https:\/\/haus-waechter.com\/index.php?rest_route=%2Fwp%2Fv2%2Fmedia&parent=3681"}],"curies":[{"name":"wp","href":"https:\/\/api.w.org\/{rel}","templated":true}]}}