{"id":3563,"date":"2025-03-14T10:34:59","date_gmt":"2025-03-14T10:34:59","guid":{"rendered":"https:\/\/haus-waechter.com\/?page_id=3563"},"modified":"2026-02-16T12:39:23","modified_gmt":"2026-02-16T12:39:23","slug":"kontakt","status":"publish","type":"page","link":"https:\/\/haus-waechter.com\/?page_id=3563","title":{"rendered":"Kontakt"},"content":{"rendered":"\t\t<div data-elementor-type=\"wp-page\" data-elementor-id=\"3563\" class=\"elementor elementor-3563\">\n\t\t\t\t\t\t<section class=\"elementor-section elementor-top-section elementor-element elementor-element-480ed30 elementor-section-boxed elementor-section-height-default elementor-section-height-default\" data-id=\"480ed30\" data-element_type=\"section\" data-e-type=\"section\">\n\t\t\t\t\t\t<div class=\"elementor-container elementor-column-gap-extended\">\n\t\t\t\t\t<div class=\"elementor-column elementor-col-100 elementor-top-column elementor-element elementor-element-0e11042 sc_inner_width_none sc_layouts_column_icons_position_left\" data-id=\"0e11042\" data-element_type=\"column\" data-e-type=\"column\">\n\t\t\t<div class=\"elementor-widget-wrap elementor-element-populated\">\n\t\t\t\t\t\t<div class=\"elementor-element elementor-element-b78fa5b sc_fly_static elementor-widget elementor-widget-heading\" data-id=\"b78fa5b\" data-element_type=\"widget\" data-e-type=\"widget\" data-widget_type=\"heading.default\">\n\t\t\t\t<div class=\"elementor-widget-container\">\n\t\t\t\t\t<h2 class=\"elementor-heading-title elementor-size-default\">Sie wollen mit uns einen Termin vereinbaren?    <br>\nSo erreichen Sie uns!\n\n<\/h2>\t\t\t\t<\/div>\n\t\t\t\t<\/div>\n\t\t\t\t\t<\/div>\n\t\t<\/div>\n\t\t\t\t\t<\/div>\n\t\t<\/section>\n\t\t\t\t<section class=\"elementor-section elementor-top-section elementor-element elementor-element-5c2586e elementor-section-boxed elementor-section-height-default elementor-section-height-default\" data-id=\"5c2586e\" data-element_type=\"section\" data-e-type=\"section\">\n\t\t\t\t\t\t<div class=\"elementor-container elementor-column-gap-extended\">\n\t\t\t\t\t<div class=\"elementor-column elementor-col-100 elementor-top-column elementor-element elementor-element-2ecbe46 sc_inner_width_none sc_layouts_column_icons_position_left\" data-id=\"2ecbe46\" data-element_type=\"column\" data-e-type=\"column\">\n\t\t\t<div class=\"elementor-widget-wrap elementor-element-populated\">\n\t\t\t\t\t\t<div class=\"elementor-element elementor-element-2cfb425 sc_fly_static elementor-widget elementor-widget-spacer\" data-id=\"2cfb425\" data-element_type=\"widget\" data-e-type=\"widget\" data-widget_type=\"spacer.default\">\n\t\t\t\t<div class=\"elementor-widget-container\">\n\t\t\t\t\t\t\t<div class=\"elementor-spacer\">\n\t\t\t<div class=\"elementor-spacer-inner\"><\/div>\n\t\t<\/div>\n\t\t\t\t\t\t<\/div>\n\t\t\t\t<\/div>\n\t\t\t\t\t<\/div>\n\t\t<\/div>\n\t\t\t\t\t<\/div>\n\t\t<\/section>\n\t\t\t\t<section class=\"elementor-section elementor-top-section elementor-element elementor-element-3785b0e elementor-section-boxed elementor-section-height-default elementor-section-height-default\" data-id=\"3785b0e\" data-element_type=\"section\" data-e-type=\"section\">\n\t\t\t\t\t\t<div class=\"elementor-container elementor-column-gap-extended\">\n\t\t\t\t\t<div class=\"elementor-column elementor-col-100 elementor-top-column elementor-element elementor-element-4cce0fb sc_inner_width_none sc_layouts_column_icons_position_left\" data-id=\"4cce0fb\" data-element_type=\"column\" data-e-type=\"column\">\n\t\t\t<div class=\"elementor-widget-wrap elementor-element-populated\">\n\t\t\t\t\t\t<div class=\"elementor-element elementor-element-ff31bf0 elementor-view-default sc_fly_static elementor-widget elementor-widget-icon\" data-id=\"ff31bf0\" data-element_type=\"widget\" data-e-type=\"widget\" data-widget_type=\"icon.default\">\n\t\t\t\t<div class=\"elementor-widget-container\">\n\t\t\t\t\t\t\t<div class=\"elementor-icon-wrapper\">\n\t\t\t<div class=\"elementor-icon\">\n\t\t\t<i aria-hidden=\"true\" class=\"far fa-clock\"><\/i>\t\t\t<\/div>\n\t\t<\/div>\n\t\t\t\t\t\t<\/div>\n\t\t\t\t<\/div>\n\t\t\t\t<div class=\"elementor-element elementor-element-d5b222c sc_fly_static elementor-widget elementor-widget-text-editor\" data-id=\"d5b222c\" data-element_type=\"widget\" data-e-type=\"widget\" data-widget_type=\"text-editor.default\">\n\t\t\t\t<div class=\"elementor-widget-container\">\n\t\t\t\t\t\t\t\t\t<p><strong>\u00d6ffnungszeiten<br \/><\/strong>Montag &#8211; Donnerstag<br \/>07:30 &#8211; 16:00<br \/>Freitag<br \/>07:30 &#8211; 15:00<\/p>\t\t\t\t\t\t\t\t<\/div>\n\t\t\t\t<\/div>\n\t\t\t\t<div class=\"elementor-element elementor-element-e37bfd5 sc_fly_static elementor-widget elementor-widget-spacer\" data-id=\"e37bfd5\" data-element_type=\"widget\" data-e-type=\"widget\" data-widget_type=\"spacer.default\">\n\t\t\t\t<div class=\"elementor-widget-container\">\n\t\t\t\t\t\t\t<div class=\"elementor-spacer\">\n\t\t\t<div class=\"elementor-spacer-inner\"><\/div>\n\t\t<\/div>\n\t\t\t\t\t\t<\/div>\n\t\t\t\t<\/div>\n\t\t\t\t<div class=\"elementor-element elementor-element-6f22568 sc_fly_static elementor-widget elementor-widget-trx_sc_icons\" data-id=\"6f22568\" data-element_type=\"widget\" data-e-type=\"widget\" data-widget_type=\"trx_sc_icons.default\">\n\t\t\t\t<div class=\"elementor-widget-container\">\n\t\t\t\t\t<div id=\"trx_sc_icons_368747072\" \n\tclass=\"sc_icons sc_icons_simple sc_icons_size_medium sc_align_center\"><div class=\"sc_icons_columns_wrap sc_item_columns trx_addons_columns_wrap columns_padding_bottom\"><div class=\"trx_addons_column-1_4\"><div class=\"sc_icons_item\"><div class=\"sc_icons_image\"><img decoding=\"async\" src=\"\/\/haus-waechter.com\/wp-content\/uploads\/2025\/03\/LogoFreigestellt77x77.png\" alt=\"Icon\" width=\"77\" height=\"72\"><\/div><div class=\"sc_icons_item_details\"><h4 class=\"sc_icons_item_title\"><span>Gesch\u00e4ftsf\u00fchrer<\/span><\/h4><div class=\"sc_icons_item_description\"><span>Sinan Acar<\/span><\/div><\/div><\/div><\/div><div class=\"trx_addons_column-1_4\"><div class=\"sc_icons_item\"><div class=\"sc_icons_image\"><img decoding=\"async\" src=\"\/\/haus-waechter.com\/wp-content\/uploads\/2019\/01\/help.png\" alt=\"Icon\" width=\"77\" height=\"77\"><\/div><div class=\"sc_icons_item_details\"><h4 class=\"sc_icons_item_title\"><span>Kontakt<\/span><\/h4><div class=\"sc_icons_item_description\"><span>Telefon: 05132 - 8888 55<\/span><span>Mobil: 0511 - 9999 3 444<\/span><span>Fax: 0511 - 9999 3 449<\/span><\/div><\/div><\/div><\/div><div class=\"trx_addons_column-1_4\"><div class=\"sc_icons_item\"><div class=\"sc_icons_image\"><img decoding=\"async\" src=\"\/\/haus-waechter.com\/wp-content\/uploads\/2019\/01\/location.png\" alt=\"Icon\" width=\"77\" height=\"77\"><\/div><div class=\"sc_icons_item_details\"><h4 class=\"sc_icons_item_title\"><span>Adresse<\/span><\/h4><div class=\"sc_icons_item_description\"><span>Auf den Pohl\u00e4ckern 15<\/span><span>31275 Lehrte<\/span><\/div><\/div><\/div><\/div><div class=\"trx_addons_column-1_4\"><div class=\"sc_icons_item\"><div class=\"sc_icons_image\"><img loading=\"lazy\" decoding=\"async\" src=\"\/\/haus-waechter.com\/wp-content\/uploads\/2019\/01\/mail.png\" alt=\"Icon\" width=\"77\" height=\"77\"><\/div><div class=\"sc_icons_item_details\"><h4 class=\"sc_icons_item_title\"><span>Mail<\/span><\/h4><div class=\"sc_icons_item_description\"><span>Info@haus-waechter.com<\/span><span><\/span><\/div><\/div><\/div><\/div><\/div><\/div><!-- \/.sc_icons -->\t\t\t\t<\/div>\n\t\t\t\t<\/div>\n\t\t\t\t\t<\/div>\n\t\t<\/div>\n\t\t\t\t\t<\/div>\n\t\t<\/section>\n\t\t\t\t<section class=\"elementor-section elementor-top-section elementor-element elementor-element-be945d1 elementor-section-boxed elementor-section-height-default elementor-section-height-default\" data-id=\"be945d1\" data-element_type=\"section\" data-e-type=\"section\">\n\t\t\t\t\t\t<div class=\"elementor-container elementor-column-gap-extended\">\n\t\t\t\t\t<div class=\"elementor-column elementor-col-100 elementor-top-column elementor-element elementor-element-c859d96 sc_inner_width_none sc_layouts_column_icons_position_left\" data-id=\"c859d96\" data-element_type=\"column\" data-e-type=\"column\">\n\t\t\t<div class=\"elementor-widget-wrap elementor-element-populated\">\n\t\t\t\t\t\t<div class=\"elementor-element elementor-element-dabc49a sc_fly_static elementor-widget elementor-widget-spacer\" data-id=\"dabc49a\" data-element_type=\"widget\" data-e-type=\"widget\" data-widget_type=\"spacer.default\">\n\t\t\t\t<div class=\"elementor-widget-container\">\n\t\t\t\t\t\t\t<div class=\"elementor-spacer\">\n\t\t\t<div class=\"elementor-spacer-inner\"><\/div>\n\t\t<\/div>\n\t\t\t\t\t\t<\/div>\n\t\t\t\t<\/div>\n\t\t\t\t<div class=\"elementor-element elementor-element-db7fb4d sc_fly_static elementor-widget elementor-widget-heading\" data-id=\"db7fb4d\" data-element_type=\"widget\" data-e-type=\"widget\" data-widget_type=\"heading.default\">\n\t\t\t\t<div class=\"elementor-widget-container\">\n\t\t\t\t\t<h2 class=\"elementor-heading-title elementor-size-default\">Wir haben auch einen direkten Whatsapp Kontakt!<\/h2>\t\t\t\t<\/div>\n\t\t\t\t<\/div>\n\t\t\t\t<div class=\"elementor-element elementor-element-d3b4212 sc_fly_static elementor-widget elementor-widget-spacer\" data-id=\"d3b4212\" data-element_type=\"widget\" data-e-type=\"widget\" data-widget_type=\"spacer.default\">\n\t\t\t\t<div class=\"elementor-widget-container\">\n\t\t\t\t\t\t\t<div class=\"elementor-spacer\">\n\t\t\t<div class=\"elementor-spacer-inner\"><\/div>\n\t\t<\/div>\n\t\t\t\t\t\t<\/div>\n\t\t\t\t<\/div>\n\t\t\t\t<div class=\"elementor-element elementor-element-4b6f4d3 sc_fly_static elementor-widget elementor-widget-image\" data-id=\"4b6f4d3\" data-element_type=\"widget\" data-e-type=\"widget\" data-widget_type=\"image.default\">\n\t\t\t\t<div class=\"elementor-widget-container\">\n\t\t\t\t\t\t\t\t\t\t\t\t\t\t\t\t<a href=\"https:\/\/wa.me\/491783990583\">\n\t\t\t\t\t\t\t<img loading=\"lazy\" decoding=\"async\" width=\"300\" height=\"300\" src=\"https:\/\/haus-waechter.com\/wp-content\/uploads\/2025\/11\/wapp.png\" class=\"attachment-large size-large wp-image-3865\" alt=\"\" srcset=\"https:\/\/haus-waechter.com\/wp-content\/uploads\/2025\/11\/wapp.png 300w, https:\/\/haus-waechter.com\/wp-content\/uploads\/2025\/11\/wapp-150x150.png 150w, https:\/\/haus-waechter.com\/wp-content\/uploads\/2025\/11\/wapp-75x75.png 75w, https:\/\/haus-waechter.com\/wp-content\/uploads\/2025\/11\/wapp-250x250.png 250w, https:\/\/haus-waechter.com\/wp-content\/uploads\/2025\/11\/wapp-52x52.png 52w, https:\/\/haus-waechter.com\/wp-content\/uploads\/2025\/11\/wapp-100x100.png 100w\" sizes=\"(max-width: 300px) 100vw, 300px\" \/>\t\t\t\t\t\t\t\t<\/a>\n\t\t\t\t\t\t\t\t\t\t\t\t\t\t\t<\/div>\n\t\t\t\t<\/div>\n\t\t\t\t<div class=\"elementor-element elementor-element-670a512 sc_fly_static elementor-widget elementor-widget-spacer\" data-id=\"670a512\" data-element_type=\"widget\" data-e-type=\"widget\" data-widget_type=\"spacer.default\">\n\t\t\t\t<div class=\"elementor-widget-container\">\n\t\t\t\t\t\t\t<div class=\"elementor-spacer\">\n\t\t\t<div class=\"elementor-spacer-inner\"><\/div>\n\t\t<\/div>\n\t\t\t\t\t\t<\/div>\n\t\t\t\t<\/div>\n\t\t\t\t<div class=\"elementor-element elementor-element-64d9d85 sc_fly_static elementor-widget elementor-widget-text-editor\" data-id=\"64d9d85\" data-element_type=\"widget\" data-e-type=\"widget\" data-widget_type=\"text-editor.default\">\n\t\t\t\t<div class=\"elementor-widget-container\">\n\t\t\t\t\t\t\t\t\t<p>Klicken Sie hier auf dieses Bild um einen direkten Whatsapp Chat zu unserem Experten zu \u00f6ffnen!<\/p>\t\t\t\t\t\t\t\t<\/div>\n\t\t\t\t<\/div>\n\t\t\t\t\t<\/div>\n\t\t<\/div>\n\t\t\t\t\t<\/div>\n\t\t<\/section>\n\t\t\t\t<\/div>\n\t\t","protected":false},"excerpt":{"rendered":"<p>Sie wollen mit uns einen Termin vereinbaren? So erreichen Sie uns! \u00d6ffnungszeitenMontag &#8211; Donnerstag07:30 &#8211; 16:00Freitag07:30 &#8211; 15:00 Gesch\u00e4ftsf\u00fchrer Sinan Acar Kontakt Telefon: 05132 &#8211; 8888 55Mobil: 0511 &#8211; 9999 3 444Fax: 0511 &#8211; 9999 3 449 Adresse Auf den Pohl\u00e4ckern 1531275 Lehrte Mail Info@haus-waechter.com Wir haben auch einen direkten Whatsapp Kontakt! Klicken Sie hier&hellip;<\/p>\n","protected":false},"author":2,"featured_media":0,"parent":0,"menu_order":0,"comment_status":"closed","ping_status":"closed","template":"","meta":{"footnotes":""},"class_list":["post-3563","page","type-page","status-publish","hentry"],"yoast_head":"<!-- This site is optimized with the Yoast SEO plugin v26.9 - https:\/\/yoast.com\/product\/yoast-seo-wordpress\/ -->\n<title>Kontakt - Haus W\u00e4chter GmbH<\/title>\n<meta name=\"robots\" content=\"index, follow, max-snippet:-1, max-image-preview:large, max-video-preview:-1\" \/>\n<link rel=\"canonical\" href=\"https:\/\/haus-waechter.com\/?page_id=3563\" \/>\n<meta property=\"og:locale\" content=\"de_DE\" \/>\n<meta property=\"og:type\" content=\"article\" \/>\n<meta property=\"og:title\" content=\"Kontakt - Haus W\u00e4chter GmbH\" \/>\n<meta property=\"og:description\" content=\"Sie wollen mit uns einen Termin vereinbaren? So erreichen Sie uns! \u00d6ffnungszeitenMontag &#8211; Donnerstag07:30 &#8211; 16:00Freitag07:30 &#8211; 15:00 Gesch\u00e4ftsf\u00fchrer Sinan Acar Kontakt Telefon: 05132 &#8211; 8888 55Mobil: 0511 &#8211; 9999 3 444Fax: 0511 &#8211; 9999 3 449 Adresse Auf den Pohl\u00e4ckern 1531275 Lehrte Mail Info@haus-waechter.com Wir haben auch einen direkten Whatsapp Kontakt! Klicken Sie hier&hellip;\" \/>\n<meta property=\"og:url\" content=\"https:\/\/haus-waechter.com\/?page_id=3563\" \/>\n<meta property=\"og:site_name\" content=\"Haus W\u00e4chter GmbH\" \/>\n<meta property=\"article:modified_time\" content=\"2026-02-16T12:39:23+00:00\" \/>\n<meta property=\"og:image\" content=\"https:\/\/haus-waechter.com\/wp-content\/uploads\/2025\/11\/wapp.png\" \/>\n<meta name=\"twitter:card\" content=\"summary_large_image\" \/>\n<meta name=\"twitter:label1\" content=\"Gesch\u00e4tzte Lesezeit\" \/>\n\t<meta name=\"twitter:data1\" content=\"2\u00a0Minuten\" \/>\n<script type=\"application\/ld+json\" class=\"yoast-schema-graph\">{\"@context\":\"https:\/\/schema.org\",\"@graph\":[{\"@type\":\"WebPage\",\"@id\":\"https:\/\/haus-waechter.com\/?page_id=3563\",\"url\":\"https:\/\/haus-waechter.com\/?page_id=3563\",\"name\":\"Kontakt - Haus W\u00e4chter GmbH\",\"isPartOf\":{\"@id\":\"https:\/\/haus-waechter.com\/#website\"},\"primaryImageOfPage\":{\"@id\":\"https:\/\/haus-waechter.com\/?page_id=3563#primaryimage\"},\"image\":{\"@id\":\"https:\/\/haus-waechter.com\/?page_id=3563#primaryimage\"},\"thumbnailUrl\":\"https:\/\/haus-waechter.com\/wp-content\/uploads\/2025\/11\/wapp.png\",\"datePublished\":\"2025-03-14T10:34:59+00:00\",\"dateModified\":\"2026-02-16T12:39:23+00:00\",\"breadcrumb\":{\"@id\":\"https:\/\/haus-waechter.com\/?page_id=3563#breadcrumb\"},\"inLanguage\":\"de\",\"potentialAction\":[{\"@type\":\"ReadAction\",\"target\":[\"https:\/\/haus-waechter.com\/?page_id=3563\"]}]},{\"@type\":\"ImageObject\",\"inLanguage\":\"de\",\"@id\":\"https:\/\/haus-waechter.com\/?page_id=3563#primaryimage\",\"url\":\"https:\/\/haus-waechter.com\/wp-content\/uploads\/2025\/11\/wapp.png\",\"contentUrl\":\"https:\/\/haus-waechter.com\/wp-content\/uploads\/2025\/11\/wapp.png\",\"width\":300,\"height\":300},{\"@type\":\"BreadcrumbList\",\"@id\":\"https:\/\/haus-waechter.com\/?page_id=3563#breadcrumb\",\"itemListElement\":[{\"@type\":\"ListItem\",\"position\":1,\"name\":\"Startseite\",\"item\":\"https:\/\/haus-waechter.com\/\"},{\"@type\":\"ListItem\",\"position\":2,\"name\":\"Kontakt\"}]},{\"@type\":\"WebSite\",\"@id\":\"https:\/\/haus-waechter.com\/#website\",\"url\":\"https:\/\/haus-waechter.com\/\",\"name\":\"Haus W\u00e4chter GmbH\",\"description\":\"So wenig wie m\u00f6glich, so viel wie n\u00f6tig\",\"publisher\":{\"@id\":\"https:\/\/haus-waechter.com\/#organization\"},\"potentialAction\":[{\"@type\":\"SearchAction\",\"target\":{\"@type\":\"EntryPoint\",\"urlTemplate\":\"https:\/\/haus-waechter.com\/?s={search_term_string}\"},\"query-input\":{\"@type\":\"PropertyValueSpecification\",\"valueRequired\":true,\"valueName\":\"search_term_string\"}}],\"inLanguage\":\"de\"},{\"@type\":\"Organization\",\"@id\":\"https:\/\/haus-waechter.com\/#organization\",\"name\":\"Haus W\u00e4chter GmbH\",\"url\":\"https:\/\/haus-waechter.com\/\",\"logo\":{\"@type\":\"ImageObject\",\"inLanguage\":\"de\",\"@id\":\"https:\/\/haus-waechter.com\/#\/schema\/logo\/image\/\",\"url\":\"https:\/\/haus-waechter.com\/wp-content\/uploads\/2024\/12\/cropped-LogoFreigestellt.png\",\"contentUrl\":\"https:\/\/haus-waechter.com\/wp-content\/uploads\/2024\/12\/cropped-LogoFreigestellt.png\",\"width\":1699,\"height\":1599,\"caption\":\"Haus W\u00e4chter GmbH\"},\"image\":{\"@id\":\"https:\/\/haus-waechter.com\/#\/schema\/logo\/image\/\"},\"sameAs\":[\"https:\/\/www.instagram.com\/haus_waechter_sbk\"]}]}<\/script>\n<!-- \/ Yoast SEO plugin. -->","yoast_head_json":{"title":"Kontakt - Haus W\u00e4chter GmbH","robots":{"index":"index","follow":"follow","max-snippet":"max-snippet:-1","max-image-preview":"max-image-preview:large","max-video-preview":"max-video-preview:-1"},"canonical":"https:\/\/haus-waechter.com\/?page_id=3563","og_locale":"de_DE","og_type":"article","og_title":"Kontakt - Haus W\u00e4chter GmbH","og_description":"Sie wollen mit uns einen Termin vereinbaren? So erreichen Sie uns! \u00d6ffnungszeitenMontag &#8211; Donnerstag07:30 &#8211; 16:00Freitag07:30 &#8211; 15:00 Gesch\u00e4ftsf\u00fchrer Sinan Acar Kontakt Telefon: 05132 &#8211; 8888 55Mobil: 0511 &#8211; 9999 3 444Fax: 0511 &#8211; 9999 3 449 Adresse Auf den Pohl\u00e4ckern 1531275 Lehrte Mail Info@haus-waechter.com Wir haben auch einen direkten Whatsapp Kontakt! Klicken Sie hier&hellip;","og_url":"https:\/\/haus-waechter.com\/?page_id=3563","og_site_name":"Haus W\u00e4chter GmbH","article_modified_time":"2026-02-16T12:39:23+00:00","og_image":[{"url":"https:\/\/haus-waechter.com\/wp-content\/uploads\/2025\/11\/wapp.png","type":"","width":"","height":""}],"twitter_card":"summary_large_image","twitter_misc":{"Gesch\u00e4tzte Lesezeit":"2\u00a0Minuten"},"schema":{"@context":"https:\/\/schema.org","@graph":[{"@type":"WebPage","@id":"https:\/\/haus-waechter.com\/?page_id=3563","url":"https:\/\/haus-waechter.com\/?page_id=3563","name":"Kontakt - Haus W\u00e4chter GmbH","isPartOf":{"@id":"https:\/\/haus-waechter.com\/#website"},"primaryImageOfPage":{"@id":"https:\/\/haus-waechter.com\/?page_id=3563#primaryimage"},"image":{"@id":"https:\/\/haus-waechter.com\/?page_id=3563#primaryimage"},"thumbnailUrl":"https:\/\/haus-waechter.com\/wp-content\/uploads\/2025\/11\/wapp.png","datePublished":"2025-03-14T10:34:59+00:00","dateModified":"2026-02-16T12:39:23+00:00","breadcrumb":{"@id":"https:\/\/haus-waechter.com\/?page_id=3563#breadcrumb"},"inLanguage":"de","potentialAction":[{"@type":"ReadAction","target":["https:\/\/haus-waechter.com\/?page_id=3563"]}]},{"@type":"ImageObject","inLanguage":"de","@id":"https:\/\/haus-waechter.com\/?page_id=3563#primaryimage","url":"https:\/\/haus-waechter.com\/wp-content\/uploads\/2025\/11\/wapp.png","contentUrl":"https:\/\/haus-waechter.com\/wp-content\/uploads\/2025\/11\/wapp.png","width":300,"height":300},{"@type":"BreadcrumbList","@id":"https:\/\/haus-waechter.com\/?page_id=3563#breadcrumb","itemListElement":[{"@type":"ListItem","position":1,"name":"Startseite","item":"https:\/\/haus-waechter.com\/"},{"@type":"ListItem","position":2,"name":"Kontakt"}]},{"@type":"WebSite","@id":"https:\/\/haus-waechter.com\/#website","url":"https:\/\/haus-waechter.com\/","name":"Haus W\u00e4chter GmbH","description":"So wenig wie m\u00f6glich, so viel wie n\u00f6tig","publisher":{"@id":"https:\/\/haus-waechter.com\/#organization"},"potentialAction":[{"@type":"SearchAction","target":{"@type":"EntryPoint","urlTemplate":"https:\/\/haus-waechter.com\/?s={search_term_string}"},"query-input":{"@type":"PropertyValueSpecification","valueRequired":true,"valueName":"search_term_string"}}],"inLanguage":"de"},{"@type":"Organization","@id":"https:\/\/haus-waechter.com\/#organization","name":"Haus W\u00e4chter GmbH","url":"https:\/\/haus-waechter.com\/","logo":{"@type":"ImageObject","inLanguage":"de","@id":"https:\/\/haus-waechter.com\/#\/schema\/logo\/image\/","url":"https:\/\/haus-waechter.com\/wp-content\/uploads\/2024\/12\/cropped-LogoFreigestellt.png","contentUrl":"https:\/\/haus-waechter.com\/wp-content\/uploads\/2024\/12\/cropped-LogoFreigestellt.png","width":1699,"height":1599,"caption":"Haus W\u00e4chter GmbH"},"image":{"@id":"https:\/\/haus-waechter.com\/#\/schema\/logo\/image\/"},"sameAs":["https:\/\/www.instagram.com\/haus_waechter_sbk"]}]}},"_links":{"self":[{"href":"https:\/\/haus-waechter.com\/index.php?rest_route=\/wp\/v2\/pages\/3563","targetHints":{"allow":["GET"]}}],"collection":[{"href":"https:\/\/haus-waechter.com\/index.php?rest_route=\/wp\/v2\/pages"}],"about":[{"href":"https:\/\/haus-waechter.com\/index.php?rest_route=\/wp\/v2\/types\/page"}],"author":[{"embeddable":true,"href":"https:\/\/haus-waechter.com\/index.php?rest_route=\/wp\/v2\/users\/2"}],"replies":[{"embeddable":true,"href":"https:\/\/haus-waechter.com\/index.php?rest_route=%2Fwp%2Fv2%2Fcomments&post=3563"}],"version-history":[{"count":35,"href":"https:\/\/haus-waechter.com\/index.php?rest_route=\/wp\/v2\/pages\/3563\/revisions"}],"predecessor-version":[{"id":4085,"href":"https:\/\/haus-waechter.com\/index.php?rest_route=\/wp\/v2\/pages\/3563\/revisions\/4085"}],"wp:attachment":[{"href":"https:\/\/haus-waechter.com\/index.php?rest_route=%2Fwp%2Fv2%2Fmedia&parent=3563"}],"curies":[{"name":"wp","href":"https:\/\/api.w.org\/{rel}","templated":true}]}}