{"id":3518,"date":"2025-03-14T07:41:49","date_gmt":"2025-03-14T07:41:49","guid":{"rendered":"https:\/\/haus-waechter.com\/?page_id=3518"},"modified":"2026-02-16T13:01:02","modified_gmt":"2026-02-16T13:01:02","slug":"dienstleistungen","status":"publish","type":"page","link":"https:\/\/haus-waechter.com\/?page_id=3518","title":{"rendered":"Dienstleistungen"},"content":{"rendered":"\t\t<div data-elementor-type=\"wp-page\" data-elementor-id=\"3518\" class=\"elementor elementor-3518\">\n\t\t\t\t\t\t<section class=\"elementor-section elementor-top-section elementor-element elementor-element-7dbced6 elementor-section-boxed elementor-section-height-default elementor-section-height-default\" data-id=\"7dbced6\" data-element_type=\"section\" data-e-type=\"section\">\n\t\t\t\t\t\t<div class=\"elementor-container elementor-column-gap-extended\">\n\t\t\t\t\t<div class=\"elementor-column elementor-col-100 elementor-top-column elementor-element elementor-element-56176bd sc_inner_width_none sc_layouts_column_icons_position_left\" data-id=\"56176bd\" data-element_type=\"column\" data-e-type=\"column\">\n\t\t\t<div class=\"elementor-widget-wrap elementor-element-populated\">\n\t\t\t\t\t\t<div class=\"elementor-element elementor-element-70349fe sc_fly_static elementor-widget elementor-widget-heading\" data-id=\"70349fe\" data-element_type=\"widget\" data-e-type=\"widget\" data-widget_type=\"heading.default\">\n\t\t\t\t<div class=\"elementor-widget-container\">\n\t\t\t\t\t<h1 class=\"elementor-heading-title elementor-size-default\">Unsere Dienstleistungen:<\/h1>\t\t\t\t<\/div>\n\t\t\t\t<\/div>\n\t\t\t\t<div class=\"elementor-element elementor-element-1a5c6e5 elementor-widget-divider--view-line sc_fly_static elementor-widget elementor-widget-divider\" data-id=\"1a5c6e5\" data-element_type=\"widget\" data-e-type=\"widget\" data-widget_type=\"divider.default\">\n\t\t\t\t<div class=\"elementor-widget-container\">\n\t\t\t\t\t\t\t<div class=\"elementor-divider\">\n\t\t\t<span class=\"elementor-divider-separator\">\n\t\t\t\t\t\t<\/span>\n\t\t<\/div>\n\t\t\t\t\t\t<\/div>\n\t\t\t\t<\/div>\n\t\t\t\t<div class=\"elementor-element elementor-element-d16a003 sc_fly_static elementor-widget elementor-widget-heading\" data-id=\"d16a003\" data-element_type=\"widget\" data-e-type=\"widget\" data-widget_type=\"heading.default\">\n\t\t\t\t<div class=\"elementor-widget-container\">\n\t\t\t\t\t<h2 class=\"elementor-heading-title elementor-size-default\"><a href=\"https:\/\/haus-waechter.com\/?page_id=3480\">Sch\u00e4dlingsmonitoring<\/a><\/h2>\t\t\t\t<\/div>\n\t\t\t\t<\/div>\n\t\t\t\t\t<\/div>\n\t\t<\/div>\n\t\t\t\t\t<\/div>\n\t\t<\/section>\n\t\t\t\t<section class=\"elementor-section elementor-top-section elementor-element elementor-element-92106fb elementor-section-boxed elementor-section-height-default elementor-section-height-default\" data-id=\"92106fb\" data-element_type=\"section\" data-e-type=\"section\">\n\t\t\t\t\t\t<div class=\"elementor-container elementor-column-gap-extended\">\n\t\t\t\t\t<div class=\"elementor-column elementor-col-100 elementor-top-column elementor-element elementor-element-605b804 sc_inner_width_none sc_layouts_column_icons_position_left\" data-id=\"605b804\" data-element_type=\"column\" data-e-type=\"column\">\n\t\t\t<div class=\"elementor-widget-wrap elementor-element-populated\">\n\t\t\t\t\t\t<div class=\"elementor-element elementor-element-c3113f7 elementor-widget-divider--view-line sc_fly_static elementor-widget elementor-widget-divider\" data-id=\"c3113f7\" data-element_type=\"widget\" data-e-type=\"widget\" data-widget_type=\"divider.default\">\n\t\t\t\t<div class=\"elementor-widget-container\">\n\t\t\t\t\t\t\t<div class=\"elementor-divider\">\n\t\t\t<span class=\"elementor-divider-separator\">\n\t\t\t\t\t\t<\/span>\n\t\t<\/div>\n\t\t\t\t\t\t<\/div>\n\t\t\t\t<\/div>\n\t\t\t\t<div class=\"elementor-element elementor-element-944e3ee sc_fly_static elementor-widget elementor-widget-heading\" data-id=\"944e3ee\" data-element_type=\"widget\" data-e-type=\"widget\" data-widget_type=\"heading.default\">\n\t\t\t\t<div class=\"elementor-widget-container\">\n\t\t\t\t\t<h2 class=\"elementor-heading-title elementor-size-default\"><a href=\"https:\/\/haus-waechter.com\/?page_id=250\">Sch\u00e4dlingsbibliothek<\/a><\/h2>\t\t\t\t<\/div>\n\t\t\t\t<\/div>\n\t\t\t\t\t<\/div>\n\t\t<\/div>\n\t\t\t\t\t<\/div>\n\t\t<\/section>\n\t\t\t\t<section class=\"elementor-section elementor-top-section elementor-element elementor-element-46b43a0 elementor-section-boxed elementor-section-height-default elementor-section-height-default\" data-id=\"46b43a0\" data-element_type=\"section\" data-e-type=\"section\">\n\t\t\t\t\t\t<div class=\"elementor-container elementor-column-gap-extended\">\n\t\t\t\t\t<div class=\"elementor-column elementor-col-100 elementor-top-column elementor-element elementor-element-f290312 sc_inner_width_none sc_layouts_column_icons_position_left\" data-id=\"f290312\" data-element_type=\"column\" data-e-type=\"column\">\n\t\t\t<div class=\"elementor-widget-wrap elementor-element-populated\">\n\t\t\t\t\t\t<div class=\"elementor-element elementor-element-6628dbc elementor-widget-divider--view-line sc_fly_static elementor-widget elementor-widget-divider\" data-id=\"6628dbc\" data-element_type=\"widget\" data-e-type=\"widget\" data-widget_type=\"divider.default\">\n\t\t\t\t<div class=\"elementor-widget-container\">\n\t\t\t\t\t\t\t<div class=\"elementor-divider\">\n\t\t\t<span class=\"elementor-divider-separator\">\n\t\t\t\t\t\t<\/span>\n\t\t<\/div>\n\t\t\t\t\t\t<\/div>\n\t\t\t\t<\/div>\n\t\t\t\t<div class=\"elementor-element elementor-element-1160969 sc_fly_static elementor-widget elementor-widget-heading\" data-id=\"1160969\" data-element_type=\"widget\" data-e-type=\"widget\" data-widget_type=\"heading.default\">\n\t\t\t\t<div class=\"elementor-widget-container\">\n\t\t\t\t\t<h2 class=\"elementor-heading-title elementor-size-default\"><a href=\"https:\/\/haus-waechter.com\/?page_id=3488\">Desinfektion und Reinigung<\/a><\/h2>\t\t\t\t<\/div>\n\t\t\t\t<\/div>\n\t\t\t\t\t<\/div>\n\t\t<\/div>\n\t\t\t\t\t<\/div>\n\t\t<\/section>\n\t\t\t\t<section class=\"elementor-section elementor-top-section elementor-element elementor-element-0a8a477 elementor-section-boxed elementor-section-height-default elementor-section-height-default\" data-id=\"0a8a477\" data-element_type=\"section\" data-e-type=\"section\">\n\t\t\t\t\t\t<div class=\"elementor-container elementor-column-gap-extended\">\n\t\t\t\t\t<div class=\"elementor-column elementor-col-100 elementor-top-column elementor-element elementor-element-b8797fe sc_inner_width_none sc_layouts_column_icons_position_left\" data-id=\"b8797fe\" data-element_type=\"column\" data-e-type=\"column\">\n\t\t\t<div class=\"elementor-widget-wrap elementor-element-populated\">\n\t\t\t\t\t\t<div class=\"elementor-element elementor-element-8c5f820 elementor-widget-divider--view-line sc_fly_static elementor-widget elementor-widget-divider\" data-id=\"8c5f820\" data-element_type=\"widget\" data-e-type=\"widget\" data-widget_type=\"divider.default\">\n\t\t\t\t<div class=\"elementor-widget-container\">\n\t\t\t\t\t\t\t<div class=\"elementor-divider\">\n\t\t\t<span class=\"elementor-divider-separator\">\n\t\t\t\t\t\t<\/span>\n\t\t<\/div>\n\t\t\t\t\t\t<\/div>\n\t\t\t\t<\/div>\n\t\t\t\t<div class=\"elementor-element elementor-element-46c828f sc_fly_static elementor-widget elementor-widget-heading\" data-id=\"46c828f\" data-element_type=\"widget\" data-e-type=\"widget\" data-widget_type=\"heading.default\">\n\t\t\t\t<div class=\"elementor-widget-container\">\n\t\t\t\t\t<h2 class=\"elementor-heading-title elementor-size-default\"><a href=\"https:\/\/haus-waechter.com\/?page_id=3501\">Potenzielle Eintrittspunkte sichern<\/a><\/h2>\t\t\t\t<\/div>\n\t\t\t\t<\/div>\n\t\t\t\t<div class=\"elementor-element elementor-element-816185b elementor-widget-divider--view-line sc_fly_static elementor-widget elementor-widget-divider\" data-id=\"816185b\" data-element_type=\"widget\" data-e-type=\"widget\" data-widget_type=\"divider.default\">\n\t\t\t\t<div class=\"elementor-widget-container\">\n\t\t\t\t\t\t\t<div class=\"elementor-divider\">\n\t\t\t<span class=\"elementor-divider-separator\">\n\t\t\t\t\t\t<\/span>\n\t\t<\/div>\n\t\t\t\t\t\t<\/div>\n\t\t\t\t<\/div>\n\t\t\t\t\t<\/div>\n\t\t<\/div>\n\t\t\t\t\t<\/div>\n\t\t<\/section>\n\t\t\t\t<\/div>\n\t\t","protected":false},"excerpt":{"rendered":"<p>Unsere Dienstleistungen: Sch\u00e4dlingsmonitoring Sch\u00e4dlingsbibliothek Desinfektion und Reinigung Potenzielle Eintrittspunkte sichern<\/p>\n","protected":false},"author":2,"featured_media":0,"parent":0,"menu_order":0,"comment_status":"closed","ping_status":"closed","template":"","meta":{"footnotes":""},"class_list":["post-3518","page","type-page","status-publish","hentry"],"yoast_head":"<!-- This site is optimized with the Yoast SEO plugin v26.9 - https:\/\/yoast.com\/product\/yoast-seo-wordpress\/ -->\n<title>Dienstleistungen - Haus W\u00e4chter GmbH<\/title>\n<meta name=\"robots\" content=\"index, follow, max-snippet:-1, max-image-preview:large, max-video-preview:-1\" \/>\n<link rel=\"canonical\" href=\"https:\/\/haus-waechter.com\/?page_id=3518\" \/>\n<meta property=\"og:locale\" content=\"de_DE\" \/>\n<meta property=\"og:type\" content=\"article\" \/>\n<meta property=\"og:title\" content=\"Dienstleistungen - Haus W\u00e4chter GmbH\" \/>\n<meta property=\"og:description\" content=\"Unsere Dienstleistungen: Sch\u00e4dlingsmonitoring Sch\u00e4dlingsbibliothek Desinfektion und Reinigung Potenzielle Eintrittspunkte sichern\" \/>\n<meta property=\"og:url\" content=\"https:\/\/haus-waechter.com\/?page_id=3518\" \/>\n<meta property=\"og:site_name\" content=\"Haus W\u00e4chter GmbH\" \/>\n<meta property=\"article:modified_time\" content=\"2026-02-16T13:01:02+00:00\" \/>\n<meta name=\"twitter:card\" content=\"summary_large_image\" \/>\n<meta name=\"twitter:label1\" content=\"Gesch\u00e4tzte Lesezeit\" \/>\n\t<meta name=\"twitter:data1\" content=\"1\u00a0Minute\" \/>\n<script type=\"application\/ld+json\" class=\"yoast-schema-graph\">{\"@context\":\"https:\/\/schema.org\",\"@graph\":[{\"@type\":\"WebPage\",\"@id\":\"https:\/\/haus-waechter.com\/?page_id=3518\",\"url\":\"https:\/\/haus-waechter.com\/?page_id=3518\",\"name\":\"Dienstleistungen - Haus W\u00e4chter GmbH\",\"isPartOf\":{\"@id\":\"https:\/\/haus-waechter.com\/#website\"},\"datePublished\":\"2025-03-14T07:41:49+00:00\",\"dateModified\":\"2026-02-16T13:01:02+00:00\",\"breadcrumb\":{\"@id\":\"https:\/\/haus-waechter.com\/?page_id=3518#breadcrumb\"},\"inLanguage\":\"de\",\"potentialAction\":[{\"@type\":\"ReadAction\",\"target\":[\"https:\/\/haus-waechter.com\/?page_id=3518\"]}]},{\"@type\":\"BreadcrumbList\",\"@id\":\"https:\/\/haus-waechter.com\/?page_id=3518#breadcrumb\",\"itemListElement\":[{\"@type\":\"ListItem\",\"position\":1,\"name\":\"Startseite\",\"item\":\"https:\/\/haus-waechter.com\/\"},{\"@type\":\"ListItem\",\"position\":2,\"name\":\"Dienstleistungen\"}]},{\"@type\":\"WebSite\",\"@id\":\"https:\/\/haus-waechter.com\/#website\",\"url\":\"https:\/\/haus-waechter.com\/\",\"name\":\"Haus W\u00e4chter GmbH\",\"description\":\"So wenig wie m\u00f6glich, so viel wie n\u00f6tig\",\"publisher\":{\"@id\":\"https:\/\/haus-waechter.com\/#organization\"},\"potentialAction\":[{\"@type\":\"SearchAction\",\"target\":{\"@type\":\"EntryPoint\",\"urlTemplate\":\"https:\/\/haus-waechter.com\/?s={search_term_string}\"},\"query-input\":{\"@type\":\"PropertyValueSpecification\",\"valueRequired\":true,\"valueName\":\"search_term_string\"}}],\"inLanguage\":\"de\"},{\"@type\":\"Organization\",\"@id\":\"https:\/\/haus-waechter.com\/#organization\",\"name\":\"Haus W\u00e4chter GmbH\",\"url\":\"https:\/\/haus-waechter.com\/\",\"logo\":{\"@type\":\"ImageObject\",\"inLanguage\":\"de\",\"@id\":\"https:\/\/haus-waechter.com\/#\/schema\/logo\/image\/\",\"url\":\"https:\/\/haus-waechter.com\/wp-content\/uploads\/2024\/12\/cropped-LogoFreigestellt.png\",\"contentUrl\":\"https:\/\/haus-waechter.com\/wp-content\/uploads\/2024\/12\/cropped-LogoFreigestellt.png\",\"width\":1699,\"height\":1599,\"caption\":\"Haus W\u00e4chter GmbH\"},\"image\":{\"@id\":\"https:\/\/haus-waechter.com\/#\/schema\/logo\/image\/\"},\"sameAs\":[\"https:\/\/www.instagram.com\/haus_waechter_sbk\"]}]}<\/script>\n<!-- \/ Yoast SEO plugin. -->","yoast_head_json":{"title":"Dienstleistungen - Haus W\u00e4chter GmbH","robots":{"index":"index","follow":"follow","max-snippet":"max-snippet:-1","max-image-preview":"max-image-preview:large","max-video-preview":"max-video-preview:-1"},"canonical":"https:\/\/haus-waechter.com\/?page_id=3518","og_locale":"de_DE","og_type":"article","og_title":"Dienstleistungen - Haus W\u00e4chter GmbH","og_description":"Unsere Dienstleistungen: Sch\u00e4dlingsmonitoring Sch\u00e4dlingsbibliothek Desinfektion und Reinigung Potenzielle Eintrittspunkte sichern","og_url":"https:\/\/haus-waechter.com\/?page_id=3518","og_site_name":"Haus W\u00e4chter GmbH","article_modified_time":"2026-02-16T13:01:02+00:00","twitter_card":"summary_large_image","twitter_misc":{"Gesch\u00e4tzte Lesezeit":"1\u00a0Minute"},"schema":{"@context":"https:\/\/schema.org","@graph":[{"@type":"WebPage","@id":"https:\/\/haus-waechter.com\/?page_id=3518","url":"https:\/\/haus-waechter.com\/?page_id=3518","name":"Dienstleistungen - Haus W\u00e4chter GmbH","isPartOf":{"@id":"https:\/\/haus-waechter.com\/#website"},"datePublished":"2025-03-14T07:41:49+00:00","dateModified":"2026-02-16T13:01:02+00:00","breadcrumb":{"@id":"https:\/\/haus-waechter.com\/?page_id=3518#breadcrumb"},"inLanguage":"de","potentialAction":[{"@type":"ReadAction","target":["https:\/\/haus-waechter.com\/?page_id=3518"]}]},{"@type":"BreadcrumbList","@id":"https:\/\/haus-waechter.com\/?page_id=3518#breadcrumb","itemListElement":[{"@type":"ListItem","position":1,"name":"Startseite","item":"https:\/\/haus-waechter.com\/"},{"@type":"ListItem","position":2,"name":"Dienstleistungen"}]},{"@type":"WebSite","@id":"https:\/\/haus-waechter.com\/#website","url":"https:\/\/haus-waechter.com\/","name":"Haus W\u00e4chter GmbH","description":"So wenig wie m\u00f6glich, so viel wie n\u00f6tig","publisher":{"@id":"https:\/\/haus-waechter.com\/#organization"},"potentialAction":[{"@type":"SearchAction","target":{"@type":"EntryPoint","urlTemplate":"https:\/\/haus-waechter.com\/?s={search_term_string}"},"query-input":{"@type":"PropertyValueSpecification","valueRequired":true,"valueName":"search_term_string"}}],"inLanguage":"de"},{"@type":"Organization","@id":"https:\/\/haus-waechter.com\/#organization","name":"Haus W\u00e4chter GmbH","url":"https:\/\/haus-waechter.com\/","logo":{"@type":"ImageObject","inLanguage":"de","@id":"https:\/\/haus-waechter.com\/#\/schema\/logo\/image\/","url":"https:\/\/haus-waechter.com\/wp-content\/uploads\/2024\/12\/cropped-LogoFreigestellt.png","contentUrl":"https:\/\/haus-waechter.com\/wp-content\/uploads\/2024\/12\/cropped-LogoFreigestellt.png","width":1699,"height":1599,"caption":"Haus W\u00e4chter GmbH"},"image":{"@id":"https:\/\/haus-waechter.com\/#\/schema\/logo\/image\/"},"sameAs":["https:\/\/www.instagram.com\/haus_waechter_sbk"]}]}},"_links":{"self":[{"href":"https:\/\/haus-waechter.com\/index.php?rest_route=\/wp\/v2\/pages\/3518","targetHints":{"allow":["GET"]}}],"collection":[{"href":"https:\/\/haus-waechter.com\/index.php?rest_route=\/wp\/v2\/pages"}],"about":[{"href":"https:\/\/haus-waechter.com\/index.php?rest_route=\/wp\/v2\/types\/page"}],"author":[{"embeddable":true,"href":"https:\/\/haus-waechter.com\/index.php?rest_route=\/wp\/v2\/users\/2"}],"replies":[{"embeddable":true,"href":"https:\/\/haus-waechter.com\/index.php?rest_route=%2Fwp%2Fv2%2Fcomments&post=3518"}],"version-history":[{"count":25,"href":"https:\/\/haus-waechter.com\/index.php?rest_route=\/wp\/v2\/pages\/3518\/revisions"}],"predecessor-version":[{"id":4097,"href":"https:\/\/haus-waechter.com\/index.php?rest_route=\/wp\/v2\/pages\/3518\/revisions\/4097"}],"wp:attachment":[{"href":"https:\/\/haus-waechter.com\/index.php?rest_route=%2Fwp%2Fv2%2Fmedia&parent=3518"}],"curies":[{"name":"wp","href":"https:\/\/api.w.org\/{rel}","templated":true}]}}