{"id":3027,"date":"2025-01-31T12:07:01","date_gmt":"2025-01-31T12:07:01","guid":{"rendered":"https:\/\/haus-waechter.com\/?page_id=3027"},"modified":"2025-12-27T16:59:14","modified_gmt":"2025-12-27T16:59:14","slug":"impressum","status":"publish","type":"page","link":"https:\/\/haus-waechter.com\/?page_id=3027","title":{"rendered":"Impressum"},"content":{"rendered":"\t\t<div data-elementor-type=\"wp-page\" data-elementor-id=\"3027\" class=\"elementor elementor-3027\">\n\t\t\t\t\t\t<section class=\"elementor-section elementor-top-section elementor-element elementor-element-17a9277 elementor-section-boxed elementor-section-height-default elementor-section-height-default\" data-id=\"17a9277\" data-element_type=\"section\" data-e-type=\"section\">\n\t\t\t\t\t\t<div class=\"elementor-container elementor-column-gap-extended\">\n\t\t\t\t\t<div class=\"elementor-column elementor-col-100 elementor-top-column elementor-element elementor-element-272cf80 sc_inner_width_none sc_layouts_column_icons_position_left\" data-id=\"272cf80\" data-element_type=\"column\" data-e-type=\"column\">\n\t\t\t<div class=\"elementor-widget-wrap elementor-element-populated\">\n\t\t\t\t\t\t<div class=\"elementor-element elementor-element-0bb3aa6 sc_fly_static elementor-widget elementor-widget-heading\" data-id=\"0bb3aa6\" data-element_type=\"widget\" data-e-type=\"widget\" data-widget_type=\"heading.default\">\n\t\t\t\t<div class=\"elementor-widget-container\">\n\t\t\t\t\t<h2 class=\"elementor-heading-title elementor-size-default\">Impressum<\/h2>\t\t\t\t<\/div>\n\t\t\t\t<\/div>\n\t\t\t\t<div class=\"elementor-element elementor-element-29444ed sc_fly_static elementor-widget elementor-widget-spacer\" data-id=\"29444ed\" data-element_type=\"widget\" data-e-type=\"widget\" data-widget_type=\"spacer.default\">\n\t\t\t\t<div class=\"elementor-widget-container\">\n\t\t\t\t\t\t\t<div class=\"elementor-spacer\">\n\t\t\t<div class=\"elementor-spacer-inner\"><\/div>\n\t\t<\/div>\n\t\t\t\t\t\t<\/div>\n\t\t\t\t<\/div>\n\t\t\t\t\t<\/div>\n\t\t<\/div>\n\t\t\t\t\t<\/div>\n\t\t<\/section>\n\t\t\t\t<section class=\"elementor-section elementor-top-section elementor-element elementor-element-3fcd4dc7 elementor-section-boxed elementor-section-height-default elementor-section-height-default\" data-id=\"3fcd4dc7\" data-element_type=\"section\" data-e-type=\"section\">\n\t\t\t\t\t\t<div class=\"elementor-container elementor-column-gap-extended\">\n\t\t\t\t\t<div class=\"elementor-column elementor-col-100 elementor-top-column elementor-element elementor-element-72111d6b sc_inner_width_none sc_layouts_column_icons_position_left\" data-id=\"72111d6b\" data-element_type=\"column\" data-e-type=\"column\">\n\t\t\t<div class=\"elementor-widget-wrap elementor-element-populated\">\n\t\t\t\t\t\t<div class=\"elementor-element elementor-element-75ecf489 sc_fly_static elementor-widget elementor-widget-text-editor\" data-id=\"75ecf489\" data-element_type=\"widget\" data-e-type=\"widget\" data-widget_type=\"text-editor.default\">\n\t\t\t\t<div class=\"elementor-widget-container\">\n\t\t\t\t\t\t\t\t\t<p><strong>Haus-W\u00e4chter GmbH<\/strong><br \/>Auf den Pohl\u00e4ckern 15<br \/>31275 Lehrte <br \/>W\u00fclferoder Str. 56<br \/>30539 Hannover <br \/><br \/><\/p>\n<p><!-- \/wp:paragraph --><!-- wp:paragraph --><\/p>\n<p><strong>Kontakt:<\/strong><br \/>Telefon: 05132\/888855<\/p>\n<p>Telefon: 0511\/99993444<\/p>\n<p>E-Mail: <a>info@haus-waechter.com<\/a><\/p>\n<p><!-- \/wp:paragraph --><!-- wp:paragraph --><\/p>\n<p><strong>Vertretungsberechtigter:<\/strong><br \/>Sinan Acar<\/p>\n<p><!-- \/wp:paragraph --><!-- wp:paragraph --><\/p>\n<p><strong>Berufsbezeichnung:<\/strong><br \/>Sch\u00e4dlingsbek\u00e4mpfer<\/p>\n<p><!-- \/wp:paragraph --><!-- wp:paragraph --><\/p>\n<p><strong>Zust\u00e4ndige Kammer:<\/strong><br \/>Handwerkskammer Hannover<\/p>\n<p>Berliner Allee 17<\/p>\n<p>30175 Hannover<\/p>\n<p>Registergericht: Amtsgericht Hildesheim\u00a0<\/p>\n<p><strong>HRB-210114<\/strong><\/p>\n<p><!-- \/wp:paragraph --><!-- wp:paragraph --><\/p>\n<p><strong>Umsatzsteuer-Identifikationsnummer gem\u00e4\u00df \u00a7 27a UStG: <\/strong><\/p>\n<p><strong>81594627002<\/strong><br \/><br \/><\/p>\n<p><!-- \/wp:paragraph --><!-- wp:paragraph --><\/p>\n<p><strong>Berufsrechtliche Regelungen:<\/strong><br \/>Gefahrenschutzverordnung (GefStoffV)<\/p>\n<p>Technische Regeln f\u00fcr Gefahrstoffe (TRGS 523 &#8211; Sch\u00e4dlingsbek\u00e4mpfung)<\/p>\n<p>Tierschutzgesetz (TierSchG) insbesondere \u00a7 11 (Erlaubnispflicht f\u00fcr die bek\u00e4mpfung von Wirbeltieren)<\/p>\n<p>Infektionsschutzgesetz (ifSG) insbesondere \u00a7 18 (Sch\u00e4dlingsbek\u00e4mpfung in sensiblen Bereichen)<\/p>\n<p>Handwerksordnung (HwO) sofern es sich um ein eintragungspflichtiges Handwerk handelt<\/p>\n<p>\u00a0<\/p>\n<p><!-- \/wp:paragraph --><!-- wp:paragraph --><\/p>\n<p><strong>Haftung f\u00fcr Inhalte:<\/strong><br \/>Als Diensteanbieter sind wir gem\u00e4\u00df \u00a7 7 Abs.1 TMG f\u00fcr eigene Inhalte auf diesen Seiten nach den allgemeinen Gesetzen verantwortlich. Nach \u00a7\u00a7 8 bis 10 TMG sind wir als Diensteanbieter jedoch nicht verpflichtet, \u00fcbermittelte oder gespeicherte fremde Informationen zu \u00fcberwachen oder nach Umst\u00e4nden zu forschen, die auf eine rechtswidrige T\u00e4tigkeit hinweisen. Verpflichtungen zur Entfernung oder Sperrung der Nutzung von Informationen nach den allgemeinen Gesetzen bleiben hiervon unber\u00fchrt. Eine diesbez\u00fcgliche Haftung ist jedoch erst ab dem Zeitpunkt der Kenntnis einer konkreten Rechtsverletzung m\u00f6glich. Bei Bekanntwerden von entsprechenden Rechtsverletzungen werden wir diese Inhalte umgehend entfernen.<\/p>\n<p><!-- \/wp:paragraph --><!-- wp:paragraph --><\/p>\n<p><strong>Haftung f\u00fcr Links:<\/strong><br \/>Unser Angebot enth\u00e4lt Links zu externen Websites Dritter, auf deren Inhalte wir keinen Einfluss haben. Deshalb k\u00f6nnen wir f\u00fcr diese fremden Inhalte auch keine Gew\u00e4hr \u00fcbernehmen. F\u00fcr die Inhalte der verlinkten Seiten ist stets der jeweilige Anbieter oder Betreiber der Seiten verantwortlich.<\/p>\n<p><!-- \/wp:paragraph --><!-- wp:paragraph --><\/p>\n<p><strong>Urheberrecht:<\/strong><br \/>Die durch die Seitenbetreiber erstellten Inhalte und Werke auf diesen Seiten unterliegen dem deutschen Urheberrecht. Die Vervielf\u00e4ltigung, Bearbeitung, Verbreitung und jede Art der Verwertung au\u00dferhalb der Grenzen des Urheberrechtes bed\u00fcrfen der schriftlichen Zustimmung des jeweiligen Autors bzw. Erstellers.<\/p>\n<p><!-- \/wp:paragraph --><!-- wp:separator --><\/p>\n<hr class=\"wp-block-separator has-alpha-channel-opacity\" \/>\n<p><!-- \/wp:separator --><\/p>\t\t\t\t\t\t\t\t<\/div>\n\t\t\t\t<\/div>\n\t\t\t\t\t<\/div>\n\t\t<\/div>\n\t\t\t\t\t<\/div>\n\t\t<\/section>\n\t\t\t\t<section class=\"elementor-section elementor-top-section elementor-element elementor-element-379b477 elementor-section-boxed elementor-section-height-default elementor-section-height-default\" data-id=\"379b477\" data-element_type=\"section\" data-e-type=\"section\">\n\t\t\t\t\t\t<div class=\"elementor-container elementor-column-gap-extended\">\n\t\t\t\t\t<div class=\"elementor-column elementor-col-100 elementor-top-column elementor-element elementor-element-deb7df9 sc_inner_width_none sc_layouts_column_icons_position_left\" data-id=\"deb7df9\" data-element_type=\"column\" data-e-type=\"column\">\n\t\t\t<div class=\"elementor-widget-wrap elementor-element-populated\">\n\t\t\t\t\t\t<div class=\"elementor-element elementor-element-ca1baec sc_fly_static elementor-widget elementor-widget-spacer\" data-id=\"ca1baec\" data-element_type=\"widget\" data-e-type=\"widget\" data-widget_type=\"spacer.default\">\n\t\t\t\t<div class=\"elementor-widget-container\">\n\t\t\t\t\t\t\t<div class=\"elementor-spacer\">\n\t\t\t<div class=\"elementor-spacer-inner\"><\/div>\n\t\t<\/div>\n\t\t\t\t\t\t<\/div>\n\t\t\t\t<\/div>\n\t\t\t\t\t<\/div>\n\t\t<\/div>\n\t\t\t\t\t<\/div>\n\t\t<\/section>\n\t\t\t\t<\/div>\n\t\t","protected":false},"excerpt":{"rendered":"<p>Impressum Haus-W\u00e4chter GmbHAuf den Pohl\u00e4ckern 1531275 Lehrte W\u00fclferoder Str. 5630539 Hannover Kontakt:Telefon: 05132\/888855 Telefon: 0511\/99993444 E-Mail: info@haus-waechter.com Vertretungsberechtigter:Sinan Acar Berufsbezeichnung:Sch\u00e4dlingsbek\u00e4mpfer Zust\u00e4ndige Kammer:Handwerkskammer Hannover Berliner Allee 17 30175 Hannover Registergericht: Amtsgericht Hildesheim\u00a0 HRB-210114 Umsatzsteuer-Identifikationsnummer gem\u00e4\u00df \u00a7 27a UStG: 81594627002 Berufsrechtliche Regelungen:Gefahrenschutzverordnung (GefStoffV) Technische Regeln f\u00fcr Gefahrstoffe (TRGS 523 &#8211; Sch\u00e4dlingsbek\u00e4mpfung) Tierschutzgesetz (TierSchG) insbesondere \u00a7 11 (Erlaubnispflicht&hellip;<\/p>\n","protected":false},"author":3,"featured_media":0,"parent":0,"menu_order":0,"comment_status":"closed","ping_status":"closed","template":"","meta":{"footnotes":""},"class_list":["post-3027","page","type-page","status-publish","hentry"],"yoast_head":"<!-- This site is optimized with the Yoast SEO plugin v26.9 - https:\/\/yoast.com\/product\/yoast-seo-wordpress\/ -->\n<title>Impressum - Haus W\u00e4chter GmbH<\/title>\n<meta name=\"robots\" content=\"index, follow, max-snippet:-1, max-image-preview:large, max-video-preview:-1\" \/>\n<link rel=\"canonical\" href=\"https:\/\/haus-waechter.com\/?page_id=3027\" \/>\n<meta property=\"og:locale\" content=\"de_DE\" \/>\n<meta property=\"og:type\" content=\"article\" \/>\n<meta property=\"og:title\" content=\"Impressum - Haus W\u00e4chter GmbH\" \/>\n<meta property=\"og:description\" content=\"Impressum Haus-W\u00e4chter GmbHAuf den Pohl\u00e4ckern 1531275 Lehrte W\u00fclferoder Str. 5630539 Hannover Kontakt:Telefon: 05132\/888855 Telefon: 0511\/99993444 E-Mail: info@haus-waechter.com Vertretungsberechtigter:Sinan Acar Berufsbezeichnung:Sch\u00e4dlingsbek\u00e4mpfer Zust\u00e4ndige Kammer:Handwerkskammer Hannover Berliner Allee 17 30175 Hannover Registergericht: Amtsgericht Hildesheim\u00a0 HRB-210114 Umsatzsteuer-Identifikationsnummer gem\u00e4\u00df \u00a7 27a UStG: 81594627002 Berufsrechtliche Regelungen:Gefahrenschutzverordnung (GefStoffV) Technische Regeln f\u00fcr Gefahrstoffe (TRGS 523 &#8211; Sch\u00e4dlingsbek\u00e4mpfung) Tierschutzgesetz (TierSchG) insbesondere \u00a7 11 (Erlaubnispflicht&hellip;\" \/>\n<meta property=\"og:url\" content=\"https:\/\/haus-waechter.com\/?page_id=3027\" \/>\n<meta property=\"og:site_name\" content=\"Haus W\u00e4chter GmbH\" \/>\n<meta property=\"article:modified_time\" content=\"2025-12-27T16:59:14+00:00\" \/>\n<meta name=\"twitter:card\" content=\"summary_large_image\" \/>\n<meta name=\"twitter:label1\" content=\"Gesch\u00e4tzte Lesezeit\" \/>\n\t<meta name=\"twitter:data1\" content=\"2\u00a0Minuten\" \/>\n<script type=\"application\/ld+json\" class=\"yoast-schema-graph\">{\"@context\":\"https:\/\/schema.org\",\"@graph\":[{\"@type\":\"WebPage\",\"@id\":\"https:\/\/haus-waechter.com\/?page_id=3027\",\"url\":\"https:\/\/haus-waechter.com\/?page_id=3027\",\"name\":\"Impressum - Haus W\u00e4chter GmbH\",\"isPartOf\":{\"@id\":\"https:\/\/haus-waechter.com\/#website\"},\"datePublished\":\"2025-01-31T12:07:01+00:00\",\"dateModified\":\"2025-12-27T16:59:14+00:00\",\"breadcrumb\":{\"@id\":\"https:\/\/haus-waechter.com\/?page_id=3027#breadcrumb\"},\"inLanguage\":\"de\",\"potentialAction\":[{\"@type\":\"ReadAction\",\"target\":[\"https:\/\/haus-waechter.com\/?page_id=3027\"]}]},{\"@type\":\"BreadcrumbList\",\"@id\":\"https:\/\/haus-waechter.com\/?page_id=3027#breadcrumb\",\"itemListElement\":[{\"@type\":\"ListItem\",\"position\":1,\"name\":\"Startseite\",\"item\":\"https:\/\/haus-waechter.com\/\"},{\"@type\":\"ListItem\",\"position\":2,\"name\":\"Impressum\"}]},{\"@type\":\"WebSite\",\"@id\":\"https:\/\/haus-waechter.com\/#website\",\"url\":\"https:\/\/haus-waechter.com\/\",\"name\":\"Haus W\u00e4chter GmbH\",\"description\":\"So wenig wie m\u00f6glich, so viel wie n\u00f6tig\",\"publisher\":{\"@id\":\"https:\/\/haus-waechter.com\/#organization\"},\"potentialAction\":[{\"@type\":\"SearchAction\",\"target\":{\"@type\":\"EntryPoint\",\"urlTemplate\":\"https:\/\/haus-waechter.com\/?s={search_term_string}\"},\"query-input\":{\"@type\":\"PropertyValueSpecification\",\"valueRequired\":true,\"valueName\":\"search_term_string\"}}],\"inLanguage\":\"de\"},{\"@type\":\"Organization\",\"@id\":\"https:\/\/haus-waechter.com\/#organization\",\"name\":\"Haus W\u00e4chter GmbH\",\"url\":\"https:\/\/haus-waechter.com\/\",\"logo\":{\"@type\":\"ImageObject\",\"inLanguage\":\"de\",\"@id\":\"https:\/\/haus-waechter.com\/#\/schema\/logo\/image\/\",\"url\":\"https:\/\/haus-waechter.com\/wp-content\/uploads\/2024\/12\/cropped-LogoFreigestellt.png\",\"contentUrl\":\"https:\/\/haus-waechter.com\/wp-content\/uploads\/2024\/12\/cropped-LogoFreigestellt.png\",\"width\":1699,\"height\":1599,\"caption\":\"Haus W\u00e4chter GmbH\"},\"image\":{\"@id\":\"https:\/\/haus-waechter.com\/#\/schema\/logo\/image\/\"},\"sameAs\":[\"https:\/\/www.instagram.com\/haus_waechter_sbk\"]}]}<\/script>\n<!-- \/ Yoast SEO plugin. -->","yoast_head_json":{"title":"Impressum - Haus W\u00e4chter GmbH","robots":{"index":"index","follow":"follow","max-snippet":"max-snippet:-1","max-image-preview":"max-image-preview:large","max-video-preview":"max-video-preview:-1"},"canonical":"https:\/\/haus-waechter.com\/?page_id=3027","og_locale":"de_DE","og_type":"article","og_title":"Impressum - Haus W\u00e4chter GmbH","og_description":"Impressum Haus-W\u00e4chter GmbHAuf den Pohl\u00e4ckern 1531275 Lehrte W\u00fclferoder Str. 5630539 Hannover Kontakt:Telefon: 05132\/888855 Telefon: 0511\/99993444 E-Mail: info@haus-waechter.com Vertretungsberechtigter:Sinan Acar Berufsbezeichnung:Sch\u00e4dlingsbek\u00e4mpfer Zust\u00e4ndige Kammer:Handwerkskammer Hannover Berliner Allee 17 30175 Hannover Registergericht: Amtsgericht Hildesheim\u00a0 HRB-210114 Umsatzsteuer-Identifikationsnummer gem\u00e4\u00df \u00a7 27a UStG: 81594627002 Berufsrechtliche Regelungen:Gefahrenschutzverordnung (GefStoffV) Technische Regeln f\u00fcr Gefahrstoffe (TRGS 523 &#8211; Sch\u00e4dlingsbek\u00e4mpfung) Tierschutzgesetz (TierSchG) insbesondere \u00a7 11 (Erlaubnispflicht&hellip;","og_url":"https:\/\/haus-waechter.com\/?page_id=3027","og_site_name":"Haus W\u00e4chter GmbH","article_modified_time":"2025-12-27T16:59:14+00:00","twitter_card":"summary_large_image","twitter_misc":{"Gesch\u00e4tzte Lesezeit":"2\u00a0Minuten"},"schema":{"@context":"https:\/\/schema.org","@graph":[{"@type":"WebPage","@id":"https:\/\/haus-waechter.com\/?page_id=3027","url":"https:\/\/haus-waechter.com\/?page_id=3027","name":"Impressum - Haus W\u00e4chter GmbH","isPartOf":{"@id":"https:\/\/haus-waechter.com\/#website"},"datePublished":"2025-01-31T12:07:01+00:00","dateModified":"2025-12-27T16:59:14+00:00","breadcrumb":{"@id":"https:\/\/haus-waechter.com\/?page_id=3027#breadcrumb"},"inLanguage":"de","potentialAction":[{"@type":"ReadAction","target":["https:\/\/haus-waechter.com\/?page_id=3027"]}]},{"@type":"BreadcrumbList","@id":"https:\/\/haus-waechter.com\/?page_id=3027#breadcrumb","itemListElement":[{"@type":"ListItem","position":1,"name":"Startseite","item":"https:\/\/haus-waechter.com\/"},{"@type":"ListItem","position":2,"name":"Impressum"}]},{"@type":"WebSite","@id":"https:\/\/haus-waechter.com\/#website","url":"https:\/\/haus-waechter.com\/","name":"Haus W\u00e4chter GmbH","description":"So wenig wie m\u00f6glich, so viel wie n\u00f6tig","publisher":{"@id":"https:\/\/haus-waechter.com\/#organization"},"potentialAction":[{"@type":"SearchAction","target":{"@type":"EntryPoint","urlTemplate":"https:\/\/haus-waechter.com\/?s={search_term_string}"},"query-input":{"@type":"PropertyValueSpecification","valueRequired":true,"valueName":"search_term_string"}}],"inLanguage":"de"},{"@type":"Organization","@id":"https:\/\/haus-waechter.com\/#organization","name":"Haus W\u00e4chter GmbH","url":"https:\/\/haus-waechter.com\/","logo":{"@type":"ImageObject","inLanguage":"de","@id":"https:\/\/haus-waechter.com\/#\/schema\/logo\/image\/","url":"https:\/\/haus-waechter.com\/wp-content\/uploads\/2024\/12\/cropped-LogoFreigestellt.png","contentUrl":"https:\/\/haus-waechter.com\/wp-content\/uploads\/2024\/12\/cropped-LogoFreigestellt.png","width":1699,"height":1599,"caption":"Haus W\u00e4chter GmbH"},"image":{"@id":"https:\/\/haus-waechter.com\/#\/schema\/logo\/image\/"},"sameAs":["https:\/\/www.instagram.com\/haus_waechter_sbk"]}]}},"_links":{"self":[{"href":"https:\/\/haus-waechter.com\/index.php?rest_route=\/wp\/v2\/pages\/3027","targetHints":{"allow":["GET"]}}],"collection":[{"href":"https:\/\/haus-waechter.com\/index.php?rest_route=\/wp\/v2\/pages"}],"about":[{"href":"https:\/\/haus-waechter.com\/index.php?rest_route=\/wp\/v2\/types\/page"}],"author":[{"embeddable":true,"href":"https:\/\/haus-waechter.com\/index.php?rest_route=\/wp\/v2\/users\/3"}],"replies":[{"embeddable":true,"href":"https:\/\/haus-waechter.com\/index.php?rest_route=%2Fwp%2Fv2%2Fcomments&post=3027"}],"version-history":[{"count":86,"href":"https:\/\/haus-waechter.com\/index.php?rest_route=\/wp\/v2\/pages\/3027\/revisions"}],"predecessor-version":[{"id":3916,"href":"https:\/\/haus-waechter.com\/index.php?rest_route=\/wp\/v2\/pages\/3027\/revisions\/3916"}],"wp:attachment":[{"href":"https:\/\/haus-waechter.com\/index.php?rest_route=%2Fwp%2Fv2%2Fmedia&parent=3027"}],"curies":[{"name":"wp","href":"https:\/\/api.w.org\/{rel}","templated":true}]}}